{"id":6251,"date":"2024-05-25T18:05:54","date_gmt":"2024-05-25T18:05:54","guid":{"rendered":"https:\/\/pontiacarchives.org.ottawavalleymedia.ca\/octroi-de-terres-1763-a-1890\/"},"modified":"2024-10-17T01:27:25","modified_gmt":"2024-10-17T01:27:25","slug":"octroi-de-terres-1763-a-1890","status":"publish","type":"page","link":"https:\/\/pontiacarchives.org\/fr\/octroi-de-terres-1763-a-1890\/","title":{"rendered":"Octroi de terres, 1763 \u00e0 1890"},"content":{"rendered":"\t\t<div data-elementor-type=\"wp-page\" data-elementor-id=\"6251\" class=\"elementor elementor-6251 elementor-695\" data-elementor-post-type=\"page\">\n\t\t\t\t<div class=\"elementor-element elementor-element-c4517f0 e-flex e-con-boxed e-con e-parent\" data-id=\"c4517f0\" data-element_type=\"container\" data-e-type=\"container\">\n\t\t\t\t\t<div class=\"e-con-inner\">\n\t\t<div class=\"elementor-element elementor-element-88054d1 e-flex e-con-boxed e-con e-child\" data-id=\"88054d1\" data-element_type=\"container\" data-e-type=\"container\">\n\t\t\t\t\t<div class=\"e-con-inner\">\n\t\t\t\t<div class=\"elementor-element elementor-element-d667479 elementor-widget__width-initial elementor-widget elementor-widget-image\" data-id=\"d667479\" data-element_type=\"widget\" data-e-type=\"widget\" data-widget_type=\"image.default\">\n\t\t\t\t<div class=\"elementor-widget-container\">\n\t\t\t\t\t\t\t\t\t\t\t\t\t\t\t<img fetchpriority=\"high\" decoding=\"async\" width=\"2560\" height=\"1614\" src=\"https:\/\/pontiacarchives.org\/wp-content\/uploads\/2024\/05\/campbells-bay-landscape-scaled.webp\" class=\"attachment-full size-full wp-image-5576\" alt=\"\" srcset=\"https:\/\/pontiacarchives.org\/wp-content\/uploads\/2024\/05\/campbells-bay-landscape-scaled.webp 2560w, https:\/\/pontiacarchives.org\/wp-content\/uploads\/2024\/05\/campbells-bay-landscape-300x189.webp 300w, https:\/\/pontiacarchives.org\/wp-content\/uploads\/2024\/05\/campbells-bay-landscape-1024x646.webp 1024w, https:\/\/pontiacarchives.org\/wp-content\/uploads\/2024\/05\/campbells-bay-landscape-768x484.webp 768w, https:\/\/pontiacarchives.org\/wp-content\/uploads\/2024\/05\/campbells-bay-landscape-1536x968.webp 1536w, https:\/\/pontiacarchives.org\/wp-content\/uploads\/2024\/05\/campbells-bay-landscape-2048x1291.webp 2048w\" sizes=\"(max-width: 2560px) 100vw, 2560px\" \/>\t\t\t\t\t\t\t\t\t\t\t\t\t\t\t<\/div>\n\t\t\t\t<\/div>\n\t\t\t\t\t<\/div>\n\t\t\t\t<\/div>\n\t\t<div class=\"elementor-element elementor-element-68e127d e-flex e-con-boxed e-con e-child\" data-id=\"68e127d\" data-element_type=\"container\" data-e-type=\"container\">\n\t\t\t\t\t<div class=\"e-con-inner\">\n\t\t\t\t<div class=\"elementor-element elementor-element-cdf8d01 elementor-widget__width-initial elementor-widget elementor-widget-text-editor\" data-id=\"cdf8d01\" data-element_type=\"widget\" data-e-type=\"widget\" data-widget_type=\"text-editor.default\">\n\t\t\t\t<div class=\"elementor-widget-container\">\n\t\t\t\t\t\t\t\t\t<p>Les concessions de terres ont jou\u00e9 un r\u00f4le essentiel dans la colonisation et le d\u00e9veloppement des r\u00e9gions du Qu\u00e9bec. Ces documents officiels ont \u00e9t\u00e9 \u00e9mis par la Couronne pour attribuer des parcelles de terre \u00e0 des individus, des groupes ou des institutions. Les concessions de terres servent \u00e0 diverses fins, qu&rsquo;il s&rsquo;agisse de r\u00e9compenser la loyaut\u00e9 envers la Couronne ou de promouvoir le d\u00e9veloppement agricole et l&rsquo;\u00e9tablissement dans de nouvelles r\u00e9gions. Chaque document de concession d\u00e9taillait minutieusement les conditions de transfert des terres, y compris les limites, les obligations du concessionnaire et toute condition particuli\u00e8re li\u00e9e \u00e0 l&rsquo;utilisation et \u00e0 l&rsquo;am\u00e9lioration des terres.   <\/p>\n<p>Le livre \u00a0\u00bb Terres conc\u00e9d\u00e9es par la Couronne dans la province de Qu\u00e9bec de 1763 \u00e0 1890 \u00a0\u00bb est un registre complet de ces attributions, fournissant des informations pr\u00e9cieuses sur les pratiques historiques de distribution des terres. Les pages 810 \u00e0 872 de ce livre se concentrent sp\u00e9cifiquement sur la r\u00e9gion du Pontiac, offrant un compte rendu d\u00e9taill\u00e9 des terres conc\u00e9d\u00e9es au cours de cette p\u00e9riode. Cette section du livre est un tr\u00e9sor pour les chercheurs, les historiens et les g\u00e9n\u00e9alogistes qui s&rsquo;int\u00e9ressent aux premiers modes de colonisation et au d\u00e9veloppement de la r\u00e9gion du Pontiac. En rendant accessibles ces pages num\u00e9ris\u00e9es, les Archives du Pontiac visent \u00e0 pr\u00e9server et \u00e0 partager cet aspect crucial du patrimoine de la r\u00e9gion, mettant en lumi\u00e8re les fondements de ses communaut\u00e9s et le contexte historique de la propri\u00e9t\u00e9 fonci\u00e8re.   <\/p>\n\t\t\t\t\t\t\t\t<\/div>\n\t\t\t\t<\/div>\n\t\t\t\t<div class=\"elementor-element elementor-element-d91d388 elementor-widget elementor-widget-button\" data-id=\"d91d388\" data-element_type=\"widget\" data-e-type=\"widget\" data-widget_type=\"button.default\">\n\t\t\t\t<div class=\"elementor-widget-container\">\n\t\t\t\t\t\t\t\t\t<div class=\"elementor-button-wrapper\">\n\t\t\t\t\t<a class=\"elementor-button elementor-button-link elementor-size-sm\" href=\"https:\/\/drive.google.com\/file\/d\/1AGuQpmzjMDdntbGHjb8To9UqCpz2IPor\/view?usp=sharing\" target=\"_blank\">\n\t\t\t\t\t\t<span class=\"elementor-button-content-wrapper\">\n\t\t\t\t\t\t\t\t\t<span class=\"elementor-button-text\">T\u00c9L\u00c9CHARGEZ UNE COPIE<\/span>\n\t\t\t\t\t<\/span>\n\t\t\t\t\t<\/a>\n\t\t\t\t<\/div>\n\t\t\t\t\t\t\t\t<\/div>\n\t\t\t\t<\/div>\n\t\t\t\t\t<\/div>\n\t\t\t\t<\/div>\n\t\t\t\t\t<\/div>\n\t\t\t\t<\/div>\n\t\t<div class=\"elementor-element elementor-element-a3f3e38 e-con-full e-flex e-con e-parent\" data-id=\"a3f3e38\" data-element_type=\"container\" data-e-type=\"container\">\n\t\t\t\t<\/div>\n\t\t<div class=\"elementor-element elementor-element-e53bf75 e-flex e-con-boxed e-con e-parent\" data-id=\"e53bf75\" data-element_type=\"container\" data-e-type=\"container\">\n\t\t\t\t\t<div class=\"e-con-inner\">\n\t\t\t\t\t<\/div>\n\t\t\t\t<\/div>\n\t\t\t\t<\/div>\n\t\t","protected":false},"excerpt":{"rendered":"<p>Les concessions de terres ont jou\u00e9 un r\u00f4le essentiel dans la colonisation et le d\u00e9veloppement des r\u00e9gions du Qu\u00e9bec. Ces documents officiels ont \u00e9t\u00e9 \u00e9mis par la Couronne pour attribuer des parcelles de terre \u00e0 des individus, des groupes ou des institutions. Les concessions de terres servent \u00e0 diverses fins, qu&rsquo;il s&rsquo;agisse de r\u00e9compenser la [&hellip;]<\/p>\n","protected":false},"author":1,"featured_media":5585,"parent":0,"menu_order":0,"comment_status":"closed","ping_status":"closed","template":"elementor_theme","meta":{"_acf_changed":false,"footnotes":""},"class_list":["post-6251","page","type-page","status-publish","has-post-thumbnail","hentry"],"acf":[],"_links":{"self":[{"href":"https:\/\/pontiacarchives.org\/fr\/wp-json\/wp\/v2\/pages\/6251","targetHints":{"allow":["GET"]}}],"collection":[{"href":"https:\/\/pontiacarchives.org\/fr\/wp-json\/wp\/v2\/pages"}],"about":[{"href":"https:\/\/pontiacarchives.org\/fr\/wp-json\/wp\/v2\/types\/page"}],"author":[{"embeddable":true,"href":"https:\/\/pontiacarchives.org\/fr\/wp-json\/wp\/v2\/users\/1"}],"replies":[{"embeddable":true,"href":"https:\/\/pontiacarchives.org\/fr\/wp-json\/wp\/v2\/comments?post=6251"}],"version-history":[{"count":1,"href":"https:\/\/pontiacarchives.org\/fr\/wp-json\/wp\/v2\/pages\/6251\/revisions"}],"predecessor-version":[{"id":6254,"href":"https:\/\/pontiacarchives.org\/fr\/wp-json\/wp\/v2\/pages\/6251\/revisions\/6254"}],"wp:featuredmedia":[{"embeddable":true,"href":"https:\/\/pontiacarchives.org\/fr\/wp-json\/wp\/v2\/media\/5585"}],"wp:attachment":[{"href":"https:\/\/pontiacarchives.org\/fr\/wp-json\/wp\/v2\/media?parent=6251"}],"curies":[{"name":"wp","href":"https:\/\/api.w.org\/{rel}","templated":true}]}}