{"id":6282,"date":"2024-06-10T13:42:45","date_gmt":"2024-06-10T13:42:45","guid":{"rendered":"https:\/\/pontiacarchives.org.ottawavalleymedia.ca\/alleyn-et-cawood\/"},"modified":"2024-11-07T13:06:22","modified_gmt":"2024-11-07T13:06:22","slug":"alleyn-et-cawood","status":"publish","type":"page","link":"https:\/\/pontiacarchives.org\/fr\/alleyn-et-cawood\/","title":{"rendered":"Alleyn et Cawood"},"content":{"rendered":"\t\t<div data-elementor-type=\"wp-page\" data-elementor-id=\"6282\" class=\"elementor elementor-6282 elementor-2082\" data-elementor-post-type=\"page\">\n\t\t\t\t<div class=\"elementor-element elementor-element-72ed258 e-flex e-con-boxed e-con e-parent\" data-id=\"72ed258\" data-element_type=\"container\" data-e-type=\"container\">\n\t\t\t\t\t<div class=\"e-con-inner\">\n\t\t<div class=\"elementor-element elementor-element-a442af8 e-con-full e-flex e-con e-child\" data-id=\"a442af8\" data-element_type=\"container\" data-e-type=\"container\">\n\t\t\t\t<div class=\"elementor-element elementor-element-5dcf64c elementor-widget elementor-widget-text-editor\" data-id=\"5dcf64c\" data-element_type=\"widget\" data-e-type=\"widget\" data-widget_type=\"text-editor.default\">\n\t\t\t\t<div class=\"elementor-widget-container\">\n\t\t\t\t\t\t\t\t\t<div class=\"flex-shrink-0 flex flex-col relative items-end\"><div><div class=\"pt-0\"><div class=\"gizmo-bot-avatar flex h-8 w-8 items-center justify-center overflow-hidden rounded-full\"><div class=\"relative p-1 rounded-sm flex items-center justify-center bg-token-main-surface-primary text-token-text-primary h-8 w-8\">Alleyn-et-Cawood, au Qu\u00e9bec, poss\u00e8de une riche histoire remontant \u00e0 1877, ancr\u00e9e dans l&rsquo;industrie du bois et les colons irlandais qui ont fond\u00e9 la communaut\u00e9. Form\u00e9e \u00e0 l&rsquo;origine des cantons d&rsquo;Alleyn et de Cawood, la municipalit\u00e9 a prosp\u00e9r\u00e9 alors que l&rsquo;exploitation foresti\u00e8re devenait le principal moteur \u00e9conomique, les vastes for\u00eats fournissant des ressources abondantes. \u00c0 mesure que la terre \u00e9tait d\u00e9frich\u00e9e, l&rsquo;agriculture s&rsquo;est d\u00e9velopp\u00e9e parall\u00e8lement \u00e0 l&rsquo;industrie du bois, cr\u00e9ant ainsi une \u00e9conomie rurale \u00e9quilibr\u00e9e. Le village de Danford Lake est devenu le c\u0153ur de la vie communautaire, servant de point central pour les activit\u00e9s sociales et \u00e9conomiques. Malgr\u00e9 les changements au fil des ans, Alleyn-et-Cawood a conserv\u00e9 son caract\u00e8re rural, avec un fort esprit communautaire qui continue de refl\u00e9ter ses racines historiques.<\/div><\/div><\/div><\/div><\/div>\t\t\t\t\t\t\t\t<\/div>\n\t\t\t\t<\/div>\n\t\t\t\t<\/div>\n\t\t<div class=\"elementor-element elementor-element-381e506 e-con-full e-flex e-con e-child\" data-id=\"381e506\" data-element_type=\"container\" data-e-type=\"container\" data-settings=\"{&quot;background_background&quot;:&quot;classic&quot;}\">\n\t\t\t\t<\/div>\n\t\t\t\t\t<\/div>\n\t\t\t\t<\/div>\n\t\t<div class=\"elementor-element elementor-element-04c38e1 e-con-full e-flex e-con e-parent\" data-id=\"04c38e1\" data-element_type=\"container\" data-e-type=\"container\">\n\t\t<div class=\"elementor-element elementor-element-01410c5 e-flex e-con-boxed e-con e-child\" data-id=\"01410c5\" data-element_type=\"container\" data-e-type=\"container\" data-settings=\"{&quot;background_background&quot;:&quot;classic&quot;}\">\n\t\t\t\t\t<div class=\"e-con-inner\">\n\t\t\t\t\t<\/div>\n\t\t\t\t<\/div>\n\t\t<div class=\"elementor-element elementor-element-30b2d26 e-flex e-con-boxed e-con e-child\" data-id=\"30b2d26\" data-element_type=\"container\" data-e-type=\"container\" data-settings=\"{&quot;background_background&quot;:&quot;classic&quot;}\">\n\t\t\t\t\t<div class=\"e-con-inner\">\n\t\t\t\t<div class=\"elementor-element elementor-element-d546a5c elementor-widget elementor-widget-heading\" data-id=\"d546a5c\" data-element_type=\"widget\" data-e-type=\"widget\" data-widget_type=\"heading.default\">\n\t\t\t\t<div class=\"elementor-widget-container\">\n\t\t\t\t\t<h2 class=\"elementor-heading-title elementor-size-default\">Consultez notre base de donn\u00e9es<\/h2>\t\t\t\t<\/div>\n\t\t\t\t<\/div>\n\t\t\t\t<div class=\"elementor-element elementor-element-7102bb2 elementor-widget elementor-widget-text-editor\" data-id=\"7102bb2\" data-element_type=\"widget\" data-e-type=\"widget\" data-widget_type=\"text-editor.default\">\n\t\t\t\t<div class=\"elementor-widget-container\">\n\t\t\t\t\t\t\t\t\t<p>Les Archives du Pontiac offrent une riche collection de photos historiques et de documents disponibles dans leur base de donn\u00e9es num\u00e9rique, capturant l\u2019histoire diversifi\u00e9e de la r\u00e9gion. Ces images proposent un voyage visuel \u00e0 travers le pass\u00e9, pr\u00e9sentant tout, des premiers \u00e9tablissements aux \u00e9v\u00e9nements communautaires marquants. Bon nombre de ces photos ont \u00e9t\u00e9 g\u00e9n\u00e9reusement offertes par des r\u00e9sidents locaux ou emprunt\u00e9es avec la permission de&nbsp;<span style=\"font-weight: bolder;\"><em><a href=\"https:\/\/theequity.ca\/\" style=\"color: rgb(0, 0, 0);\">The Equity<\/a><\/em><\/span>, pr\u00e9servant ainsi l\u2019histoire partag\u00e9e de la communaut\u00e9.<br><\/p>\t\t\t\t\t\t\t\t<\/div>\n\t\t\t\t<\/div>\n\t\t\t\t\t<\/div>\n\t\t\t\t<\/div>\n\t\t<div class=\"elementor-element elementor-element-03c1314 e-con-full e-flex e-con e-child\" data-id=\"03c1314\" data-element_type=\"container\" data-e-type=\"container\" data-settings=\"{&quot;background_background&quot;:&quot;classic&quot;}\">\n\t\t\t\t<div class=\"elementor-element elementor-element-d207221 elementor-grid-6 elementor-grid-tablet-2 elementor-grid-mobile-1 elementor-widget elementor-widget-loop-grid\" data-id=\"d207221\" data-element_type=\"widget\" data-e-type=\"widget\" data-settings=\"{&quot;template_id&quot;:6250,&quot;masonry&quot;:&quot;yes&quot;,&quot;row_gap&quot;:{&quot;unit&quot;:&quot;px&quot;,&quot;size&quot;:5,&quot;sizes&quot;:[]},&quot;columns&quot;:6,&quot;pagination_type&quot;:&quot;numbers&quot;,&quot;pagination_load_type&quot;:&quot;ajax&quot;,&quot;auto_scroll&quot;:&quot;yes&quot;,&quot;_skin&quot;:&quot;post&quot;,&quot;columns_tablet&quot;:&quot;2&quot;,&quot;columns_mobile&quot;:&quot;1&quot;,&quot;edit_handle_selector&quot;:&quot;[data-elementor-type=\\&quot;loop-item\\&quot;]&quot;,&quot;row_gap_tablet&quot;:{&quot;unit&quot;:&quot;px&quot;,&quot;size&quot;:&quot;&quot;,&quot;sizes&quot;:[]},&quot;row_gap_mobile&quot;:{&quot;unit&quot;:&quot;px&quot;,&quot;size&quot;:&quot;&quot;,&quot;sizes&quot;:[]}}\" data-widget_type=\"loop-grid.post\">\n\t\t\t\t<div class=\"elementor-widget-container\">\n\t\t\t\t\t\t\t<div class=\"e-loop-nothing-found-message\">\n\t\t\t\t\t<div class=\"e-loop-nothing-found-message__text\">\n\t\t\t\tNous ne disposons actuellement d'aucune photo de cette commune dans notre base de donn\u00e9es.\t\t\t<\/div>\n\t\t\t<\/div>\n\t\t\t\t\t\t<\/div>\n\t\t\t\t<\/div>\n\t\t\t\t<\/div>\n\t\t<div class=\"elementor-element elementor-element-486fe03 e-flex e-con-boxed e-con e-child\" data-id=\"486fe03\" data-element_type=\"container\" data-e-type=\"container\" data-settings=\"{&quot;background_background&quot;:&quot;classic&quot;}\">\n\t\t\t\t\t<div class=\"e-con-inner\">\n\t\t\t\t\t<\/div>\n\t\t\t\t<\/div>\n\t\t\t\t<\/div>\n\t\t<div class=\"elementor-element elementor-element-2e553da e-flex e-con-boxed e-con e-parent\" data-id=\"2e553da\" data-element_type=\"container\" data-e-type=\"container\">\n\t\t\t\t\t<div class=\"e-con-inner\">\n\t\t<div class=\"elementor-element elementor-element-1cb2107 e-con-full e-flex e-con e-child\" data-id=\"1cb2107\" data-element_type=\"container\" data-e-type=\"container\">\n\t\t<div class=\"elementor-element elementor-element-8138a56 e-flex e-con-boxed e-con e-child\" data-id=\"8138a56\" data-element_type=\"container\" data-e-type=\"container\">\n\t\t\t\t\t<div class=\"e-con-inner\">\n\t\t<div class=\"elementor-element elementor-element-1cc45b0 e-flex e-con-boxed e-con e-child\" data-id=\"1cc45b0\" data-element_type=\"container\" data-e-type=\"container\" data-settings=\"{&quot;background_background&quot;:&quot;classic&quot;}\">\n\t\t\t\t\t<div class=\"e-con-inner\">\n\t\t\t\t\t<\/div>\n\t\t\t\t<\/div>\n\t\t<div class=\"elementor-element elementor-element-72d86dd e-flex e-con-boxed e-con e-child\" data-id=\"72d86dd\" data-element_type=\"container\" data-e-type=\"container\" data-settings=\"{&quot;background_background&quot;:&quot;classic&quot;}\">\n\t\t\t\t\t<div class=\"e-con-inner\">\n\t\t<div class=\"elementor-element elementor-element-40e8c25 e-flex e-con-boxed e-con e-child\" data-id=\"40e8c25\" data-element_type=\"container\" data-e-type=\"container\" data-settings=\"{&quot;background_background&quot;:&quot;classic&quot;}\">\n\t\t\t\t\t<div class=\"e-con-inner\">\n\t\t\t\t<div class=\"elementor-element elementor-element-42e312e elementor-widget elementor-widget-heading\" data-id=\"42e312e\" data-element_type=\"widget\" data-e-type=\"widget\" data-widget_type=\"heading.default\">\n\t\t\t\t<div class=\"elementor-widget-container\">\n\t\t\t\t\t<h5 class=\"elementor-heading-title elementor-size-default\">Documents<\/h5>\t\t\t\t<\/div>\n\t\t\t\t<\/div>\n\t\t\t\t\t<\/div>\n\t\t\t\t<\/div>\n\t\t\t\t<div class=\"elementor-element elementor-element-27b3fe4 elementor-widget elementor-widget-text-editor\" data-id=\"27b3fe4\" data-element_type=\"widget\" data-e-type=\"widget\" data-widget_type=\"text-editor.default\">\n\t\t\t\t<div class=\"elementor-widget-container\">\n\t\t\t\t\t\t\t\t\t<p>Parcourez une partie de notre collection de documents, y compris des actes de naissance, de d\u00e9c\u00e8s et de mariage datant du 19e si\u00e8cle.<\/p>\n\t\t\t\t\t\t\t\t<\/div>\n\t\t\t\t<\/div>\n\t\t\t\t\t<\/div>\n\t\t\t\t<\/div>\n\t\t<div class=\"elementor-element elementor-element-a98f5f4 e-flex e-con-boxed e-con e-child\" data-id=\"a98f5f4\" data-element_type=\"container\" data-e-type=\"container\" data-settings=\"{&quot;background_background&quot;:&quot;classic&quot;}\">\n\t\t\t\t\t<div class=\"e-con-inner\">\n\t\t\t\t\t<\/div>\n\t\t\t\t<\/div>\n\t\t\t\t\t<\/div>\n\t\t\t\t<\/div>\n\t\t<div class=\"elementor-element elementor-element-a703f04 e-flex e-con-boxed e-con e-child\" data-id=\"a703f04\" data-element_type=\"container\" data-e-type=\"container\">\n\t\t\t\t\t<div class=\"e-con-inner\">\n\t\t<div class=\"elementor-element elementor-element-7d44c4e e-flex e-con-boxed e-con e-child\" data-id=\"7d44c4e\" data-element_type=\"container\" data-e-type=\"container\" data-settings=\"{&quot;background_background&quot;:&quot;classic&quot;}\">\n\t\t\t\t\t<div class=\"e-con-inner\">\n\t\t\t\t\t<\/div>\n\t\t\t\t<\/div>\n\t\t<div class=\"elementor-element elementor-element-6e3f0f6 e-flex e-con-boxed e-con e-child\" data-id=\"6e3f0f6\" data-element_type=\"container\" data-e-type=\"container\" data-settings=\"{&quot;background_background&quot;:&quot;classic&quot;}\">\n\t\t\t\t\t<div class=\"e-con-inner\">\n\t\t<div class=\"elementor-element elementor-element-e983d3f e-flex e-con-boxed e-con e-child\" data-id=\"e983d3f\" data-element_type=\"container\" data-e-type=\"container\" data-settings=\"{&quot;background_background&quot;:&quot;classic&quot;}\">\n\t\t\t\t\t<div class=\"e-con-inner\">\n\t\t\t\t<div class=\"elementor-element elementor-element-b265bc6 elementor-widget elementor-widget-heading\" data-id=\"b265bc6\" data-element_type=\"widget\" data-e-type=\"widget\" data-widget_type=\"heading.default\">\n\t\t\t\t<div class=\"elementor-widget-container\">\n\t\t\t\t\t<h5 class=\"elementor-heading-title elementor-size-default\">Cimeti\u00e8res<\/h5>\t\t\t\t<\/div>\n\t\t\t\t<\/div>\n\t\t\t\t\t<\/div>\n\t\t\t\t<\/div>\n\t\t\t\t<div class=\"elementor-element elementor-element-e5d4977 elementor-widget elementor-widget-text-editor\" data-id=\"e5d4977\" data-element_type=\"widget\" data-e-type=\"widget\" data-widget_type=\"text-editor.default\">\n\t\t\t\t<div class=\"elementor-widget-container\">\n\t\t\t\t\t\t\t\t\t<p>Explorez les lieux de repos de ceux qui ont fa\u00e7onn\u00e9 notre histoire locale.<\/p>\n\t\t\t\t\t\t\t\t<\/div>\n\t\t\t\t<\/div>\n\t\t\t\t\t<\/div>\n\t\t\t\t<\/div>\n\t\t<div class=\"elementor-element elementor-element-b3ad4bb e-flex e-con-boxed e-con e-child\" data-id=\"b3ad4bb\" data-element_type=\"container\" data-e-type=\"container\" data-settings=\"{&quot;background_background&quot;:&quot;classic&quot;}\">\n\t\t\t\t\t<div class=\"e-con-inner\">\n\t\t\t\t\t<\/div>\n\t\t\t\t<\/div>\n\t\t\t\t\t<\/div>\n\t\t\t\t<\/div>\n\t\t<div class=\"elementor-element elementor-element-2c52642 e-flex e-con-boxed e-con e-child\" data-id=\"2c52642\" data-element_type=\"container\" data-e-type=\"container\">\n\t\t\t\t\t<div class=\"e-con-inner\">\n\t\t<div class=\"elementor-element elementor-element-2b83ad6 e-flex e-con-boxed e-con e-child\" data-id=\"2b83ad6\" data-element_type=\"container\" data-e-type=\"container\" data-settings=\"{&quot;background_background&quot;:&quot;classic&quot;}\">\n\t\t\t\t\t<div class=\"e-con-inner\">\n\t\t\t\t\t<\/div>\n\t\t\t\t<\/div>\n\t\t<div class=\"elementor-element elementor-element-4f28309 e-flex e-con-boxed e-con e-child\" data-id=\"4f28309\" data-element_type=\"container\" data-e-type=\"container\" data-settings=\"{&quot;background_background&quot;:&quot;classic&quot;}\">\n\t\t\t\t\t<div class=\"e-con-inner\">\n\t\t<div class=\"elementor-element elementor-element-cda9315 e-flex e-con-boxed e-con e-child\" data-id=\"cda9315\" data-element_type=\"container\" data-e-type=\"container\" data-settings=\"{&quot;background_background&quot;:&quot;classic&quot;}\">\n\t\t\t\t\t<div class=\"e-con-inner\">\n\t\t\t\t<div class=\"elementor-element elementor-element-a4642e4 elementor-widget elementor-widget-heading\" data-id=\"a4642e4\" data-element_type=\"widget\" data-e-type=\"widget\" data-widget_type=\"heading.default\">\n\t\t\t\t<div class=\"elementor-widget-container\">\n\t\t\t\t\t<h5 class=\"elementor-heading-title elementor-size-default\">En savoir plus sur Bristol<\/h5>\t\t\t\t<\/div>\n\t\t\t\t<\/div>\n\t\t\t\t\t<\/div>\n\t\t\t\t<\/div>\n\t\t\t\t<div class=\"elementor-element elementor-element-65222a1 elementor-widget elementor-widget-text-editor\" data-id=\"65222a1\" data-element_type=\"widget\" data-e-type=\"widget\" data-widget_type=\"text-editor.default\">\n\t\t\t\t<div class=\"elementor-widget-container\">\n\t\t\t\t\t\t\t\t\t<p>Visitez le site web touristique de la municipalit\u00e9 ou de la r\u00e9gion pour en savoir plus sur notre r\u00e9gion.<\/p>\n\t\t\t\t\t\t\t\t<\/div>\n\t\t\t\t<\/div>\n\t\t\t\t<div class=\"elementor-element elementor-element-401d750 elementor-icon-list--layout-traditional elementor-list-item-link-full_width elementor-widget elementor-widget-icon-list\" data-id=\"401d750\" data-element_type=\"widget\" data-e-type=\"widget\" data-widget_type=\"icon-list.default\">\n\t\t\t\t<div class=\"elementor-widget-container\">\n\t\t\t\t\t\t\t<ul class=\"elementor-icon-list-items\">\n\t\t\t\t\t\t\t<li class=\"elementor-icon-list-item\">\n\t\t\t\t\t\t\t\t\t\t\t<a href=\"https:\/\/destinationpontiac.ca\/en\/territory\/alleyn-et-cawood\/\">\n\n\t\t\t\t\t\t\t\t\t\t\t\t<span class=\"elementor-icon-list-icon\">\n\t\t\t\t\t\t\t<svg aria-hidden=\"true\" class=\"e-font-icon-svg e-fas-map-marker-alt\" viewBox=\"0 0 384 512\" xmlns=\"http:\/\/www.w3.org\/2000\/svg\"><path d=\"M172.268 501.67C26.97 291.031 0 269.413 0 192 0 85.961 85.961 0 192 0s192 85.961 192 192c0 77.413-26.97 99.031-172.268 309.67-9.535 13.774-29.93 13.773-39.464 0zM192 272c44.183 0 80-35.817 80-80s-35.817-80-80-80-80 35.817-80 80 35.817 80 80 80z\"><\/path><\/svg>\t\t\t\t\t\t<\/span>\n\t\t\t\t\t\t\t\t\t\t<span class=\"elementor-icon-list-text\">DestinationPontiac.ca<\/span>\n\t\t\t\t\t\t\t\t\t\t\t<\/a>\n\t\t\t\t\t\t\t\t\t<\/li>\n\t\t\t\t\t\t\t\t<li class=\"elementor-icon-list-item\">\n\t\t\t\t\t\t\t\t\t\t\t<a href=\"https:\/\/www.alleyn-cawood.ca\/en\">\n\n\t\t\t\t\t\t\t\t\t\t\t\t<span class=\"elementor-icon-list-icon\">\n\t\t\t\t\t\t\t<svg aria-hidden=\"true\" class=\"e-font-icon-svg e-fas-map-marker-alt\" viewBox=\"0 0 384 512\" xmlns=\"http:\/\/www.w3.org\/2000\/svg\"><path d=\"M172.268 501.67C26.97 291.031 0 269.413 0 192 0 85.961 85.961 0 192 0s192 85.961 192 192c0 77.413-26.97 99.031-172.268 309.67-9.535 13.774-29.93 13.773-39.464 0zM192 272c44.183 0 80-35.817 80-80s-35.817-80-80-80-80 35.817-80 80 35.817 80 80 80z\"><\/path><\/svg>\t\t\t\t\t\t<\/span>\n\t\t\t\t\t\t\t\t\t\t<span class=\"elementor-icon-list-text\">Municipalit\u00e9 de Alleyn et Cawood<\/span>\n\t\t\t\t\t\t\t\t\t\t\t<\/a>\n\t\t\t\t\t\t\t\t\t<\/li>\n\t\t\t\t\t\t<\/ul>\n\t\t\t\t\t\t<\/div>\n\t\t\t\t<\/div>\n\t\t\t\t\t<\/div>\n\t\t\t\t<\/div>\n\t\t<div class=\"elementor-element elementor-element-2925803 e-flex e-con-boxed e-con e-child\" data-id=\"2925803\" data-element_type=\"container\" data-e-type=\"container\" data-settings=\"{&quot;background_background&quot;:&quot;classic&quot;}\">\n\t\t\t\t\t<div class=\"e-con-inner\">\n\t\t\t\t\t<\/div>\n\t\t\t\t<\/div>\n\t\t\t\t\t<\/div>\n\t\t\t\t<\/div>\n\t\t\t\t<\/div>\n\t\t\t\t\t<\/div>\n\t\t\t\t<\/div>\n\t\t\t\t<\/div>\n\t\t","protected":false},"excerpt":{"rendered":"<p>Alleyn-et-Cawood, au Qu\u00e9bec, poss\u00e8de une riche histoire remontant \u00e0 1877, ancr\u00e9e dans l&rsquo;industrie du bois et les colons irlandais qui ont fond\u00e9 la communaut\u00e9. Form\u00e9e \u00e0 l&rsquo;origine des cantons d&rsquo;Alleyn et de Cawood, la municipalit\u00e9 a prosp\u00e9r\u00e9 alors que l&rsquo;exploitation foresti\u00e8re devenait le principal moteur \u00e9conomique, les vastes for\u00eats fournissant des ressources abondantes. \u00c0 mesure [&hellip;]<\/p>\n","protected":false},"author":1,"featured_media":0,"parent":0,"menu_order":0,"comment_status":"closed","ping_status":"closed","template":"","meta":{"_acf_changed":false,"footnotes":""},"class_list":["post-6282","page","type-page","status-publish","hentry"],"acf":[],"_links":{"self":[{"href":"https:\/\/pontiacarchives.org\/fr\/wp-json\/wp\/v2\/pages\/6282","targetHints":{"allow":["GET"]}}],"collection":[{"href":"https:\/\/pontiacarchives.org\/fr\/wp-json\/wp\/v2\/pages"}],"about":[{"href":"https:\/\/pontiacarchives.org\/fr\/wp-json\/wp\/v2\/types\/page"}],"author":[{"embeddable":true,"href":"https:\/\/pontiacarchives.org\/fr\/wp-json\/wp\/v2\/users\/1"}],"replies":[{"embeddable":true,"href":"https:\/\/pontiacarchives.org\/fr\/wp-json\/wp\/v2\/comments?post=6282"}],"version-history":[{"count":7,"href":"https:\/\/pontiacarchives.org\/fr\/wp-json\/wp\/v2\/pages\/6282\/revisions"}],"predecessor-version":[{"id":8537,"href":"https:\/\/pontiacarchives.org\/fr\/wp-json\/wp\/v2\/pages\/6282\/revisions\/8537"}],"wp:attachment":[{"href":"https:\/\/pontiacarchives.org\/fr\/wp-json\/wp\/v2\/media?parent=6282"}],"curies":[{"name":"wp","href":"https:\/\/api.w.org\/{rel}","templated":true}]}}