{"id":6286,"date":"2024-06-13T06:58:32","date_gmt":"2024-06-13T06:58:32","guid":{"rendered":"https:\/\/pontiacarchives.org.ottawavalleymedia.ca\/musee-du-pontiac\/"},"modified":"2024-11-11T13:45:34","modified_gmt":"2024-11-11T13:45:34","slug":"musee-du-pontiac","status":"publish","type":"page","link":"https:\/\/pontiacarchives.org\/fr\/musee-du-pontiac\/","title":{"rendered":"Mus\u00e9e du Pontiac"},"content":{"rendered":"\t\t<div data-elementor-type=\"wp-page\" data-elementor-id=\"6286\" class=\"elementor elementor-6286 elementor-2204\" data-elementor-post-type=\"page\">\n\t\t\t\t<div class=\"elementor-element elementor-element-2c64dfd e-flex e-con-boxed e-con e-parent\" data-id=\"2c64dfd\" data-element_type=\"container\" data-e-type=\"container\">\n\t\t\t\t\t<div class=\"e-con-inner\">\n\t\t\t\t<div class=\"elementor-element elementor-element-5635c32 elementor-widget__width-initial elementor-widget elementor-widget-text-editor\" data-id=\"5635c32\" data-element_type=\"widget\" data-e-type=\"widget\" data-widget_type=\"text-editor.default\">\n\t\t\t\t<div class=\"elementor-widget-container\">\n\t\t\t\t\t\t\t\t\t<p>Le Mus\u00e9e du Pontiac, cr\u00e9\u00e9 et entretenu par la Soci\u00e9t\u00e9 Historique du Pontiac, met en valeur le riche patrimoine de la r\u00e9gion. Situ\u00e9 dans l&rsquo;ancienne gare du chemin de fer PPJ, le mus\u00e9e pr\u00e9sente des expositions telles qu&rsquo;une salle de classe du d\u00e9but du si\u00e8cle, une \u00e9picerie g\u00e9n\u00e9rale, des outils agricoles et des appareils m\u00e9nagers. Notre mus\u00e9e offre un aper\u00e7u unique du pass\u00e9, pr\u00e9servant les histoires, artefacts et traditions qui d\u00e9finissent notre communaut\u00e9. Des premiers \u00e9tablissements autochtones \u00e0 l&rsquo;arriv\u00e9e des pionniers europ\u00e9ens, du d\u00e9veloppement des industries locales \u00e0 l&rsquo;\u00e9volution de la vie quotidienne, le Mus\u00e9e du Pontiac est d\u00e9di\u00e9 \u00e0 la pr\u00e9sentation de la diversit\u00e9 et du dynamisme de notre r\u00e9gion. Que vous soyez un passionn\u00e9 d&rsquo;histoire, un visiteur curieux ou un r\u00e9sident fier, nous vous invitons \u00e0 explorer nos expositions, \u00e0 interagir avec nos pr\u00e9sentations interactives et \u00e0 vous plonger dans le r\u00e9cit fascinant du pass\u00e9 du Pontiac.<\/p>\t\t\t\t\t\t\t\t<\/div>\n\t\t\t\t<\/div>\n\t\t\t\t<div class=\"elementor-element elementor-element-6c1b270 elementor-widget elementor-widget-image\" data-id=\"6c1b270\" data-element_type=\"widget\" data-e-type=\"widget\" data-widget_type=\"image.default\">\n\t\t\t\t<div class=\"elementor-widget-container\">\n\t\t\t\t\t\t\t\t\t\t\t\t\t\t\t<img fetchpriority=\"high\" decoding=\"async\" width=\"720\" height=\"637\" src=\"https:\/\/pontiacarchives.org\/wp-content\/uploads\/2024\/06\/StationWanted_Pontiac-Museum.jpeg\" class=\"attachment-full size-full wp-image-5681\" alt=\"\" srcset=\"https:\/\/pontiacarchives.org\/wp-content\/uploads\/2024\/06\/StationWanted_Pontiac-Museum.jpeg 720w, https:\/\/pontiacarchives.org\/wp-content\/uploads\/2024\/06\/StationWanted_Pontiac-Museum-300x265.jpeg 300w\" sizes=\"(max-width: 720px) 100vw, 720px\" \/>\t\t\t\t\t\t\t\t\t\t\t\t\t\t\t<\/div>\n\t\t\t\t<\/div>\n\t\t\t\t\t<\/div>\n\t\t\t\t<\/div>\n\t\t<div class=\"elementor-element elementor-element-d0675bc e-con-full e-flex e-con e-parent\" data-id=\"d0675bc\" data-element_type=\"container\" data-e-type=\"container\">\n\t\t<div class=\"elementor-element elementor-element-afd4b5d e-con-full e-flex e-con e-child\" data-id=\"afd4b5d\" data-element_type=\"container\" data-e-type=\"container\" data-settings=\"{&quot;background_background&quot;:&quot;classic&quot;}\">\n\t\t\t\t<\/div>\n\t\t<div class=\"elementor-element elementor-element-eab1af2 e-flex e-con-boxed e-con e-child\" data-id=\"eab1af2\" data-element_type=\"container\" data-e-type=\"container\" data-settings=\"{&quot;background_background&quot;:&quot;classic&quot;}\">\n\t\t\t\t\t<div class=\"e-con-inner\">\n\t\t\t\t<div class=\"elementor-element elementor-element-674e844 elementor-widget elementor-widget-heading\" data-id=\"674e844\" data-element_type=\"widget\" data-e-type=\"widget\" data-widget_type=\"heading.default\">\n\t\t\t\t<div class=\"elementor-widget-container\">\n\t\t\t\t\t<h1 class=\"elementor-heading-title elementor-size-default\"><a href=\"https:\/\/pontiacarchives.org\/news-and-updates\/\">Les Exibits  <\/a><\/h1>\t\t\t\t<\/div>\n\t\t\t\t<\/div>\n\t\t<div class=\"elementor-element elementor-element-d706774 e-flex e-con-boxed e-con e-child\" data-id=\"d706774\" data-element_type=\"container\" data-e-type=\"container\">\n\t\t\t\t\t<div class=\"e-con-inner\">\n\t\t\t\t<div class=\"elementor-element elementor-element-7b56977 animated-slow elementor-position-top elementor-invisible elementor-widget elementor-widget-image-box\" data-id=\"7b56977\" data-element_type=\"widget\" data-e-type=\"widget\" data-settings=\"{&quot;_animation&quot;:&quot;fadeIn&quot;,&quot;_animation_delay&quot;:0}\" data-widget_type=\"image-box.default\">\n\t\t\t\t<div class=\"elementor-widget-container\">\n\t\t\t\t\t<div class=\"elementor-image-box-wrapper\"><figure class=\"elementor-image-box-img\"><img decoding=\"async\" width=\"400\" height=\"300\" src=\"https:\/\/pontiacarchives.org\/wp-content\/uploads\/2024\/06\/Museum_tools1.jpeg\" class=\"attachment-full size-full wp-image-2209\" alt=\"\" srcset=\"https:\/\/pontiacarchives.org\/wp-content\/uploads\/2024\/06\/Museum_tools1.jpeg 400w, https:\/\/pontiacarchives.org\/wp-content\/uploads\/2024\/06\/Museum_tools1-300x225.jpeg 300w\" sizes=\"(max-width: 400px) 100vw, 400px\" \/><\/figure><div class=\"elementor-image-box-content\"><h3 class=\"elementor-image-box-title\">Outils agricoles<\/h3><\/div><\/div>\t\t\t\t<\/div>\n\t\t\t\t<\/div>\n\t\t\t\t<div class=\"elementor-element elementor-element-88e7a1a animated-slow elementor-position-top elementor-invisible elementor-widget elementor-widget-image-box\" data-id=\"88e7a1a\" data-element_type=\"widget\" data-e-type=\"widget\" data-settings=\"{&quot;_animation&quot;:&quot;fadeIn&quot;,&quot;_animation_delay&quot;:200}\" data-widget_type=\"image-box.default\">\n\t\t\t\t<div class=\"elementor-widget-container\">\n\t\t\t\t\t<div class=\"elementor-image-box-wrapper\"><figure class=\"elementor-image-box-img\"><img decoding=\"async\" width=\"416\" height=\"312\" src=\"https:\/\/pontiacarchives.org\/wp-content\/uploads\/2024\/06\/generalstore2Pontiac-Museum.jpeg\" class=\"attachment-full size-full wp-image-2206\" alt=\"\" srcset=\"https:\/\/pontiacarchives.org\/wp-content\/uploads\/2024\/06\/generalstore2Pontiac-Museum.jpeg 416w, https:\/\/pontiacarchives.org\/wp-content\/uploads\/2024\/06\/generalstore2Pontiac-Museum-300x225.jpeg 300w\" sizes=\"(max-width: 416px) 100vw, 416px\" \/><\/figure><div class=\"elementor-image-box-content\"><h3 class=\"elementor-image-box-title\">Le magasin g\u00e9n\u00e9ral<\/h3><\/div><\/div>\t\t\t\t<\/div>\n\t\t\t\t<\/div>\n\t\t\t\t<div class=\"elementor-element elementor-element-65865ef animated-slow elementor-position-top elementor-invisible elementor-widget elementor-widget-image-box\" data-id=\"65865ef\" data-element_type=\"widget\" data-e-type=\"widget\" data-settings=\"{&quot;_animation&quot;:&quot;fadeIn&quot;,&quot;_animation_delay&quot;:400}\" data-widget_type=\"image-box.default\">\n\t\t\t\t<div class=\"elementor-widget-container\">\n\t\t\t\t\t<div class=\"elementor-image-box-wrapper\"><figure class=\"elementor-image-box-img\"><img loading=\"lazy\" decoding=\"async\" width=\"416\" height=\"312\" src=\"https:\/\/pontiacarchives.org\/wp-content\/uploads\/2024\/06\/schooldisplayPontiac-Museum.jpeg\" class=\"attachment-full size-full wp-image-2207\" alt=\"\" srcset=\"https:\/\/pontiacarchives.org\/wp-content\/uploads\/2024\/06\/schooldisplayPontiac-Museum.jpeg 416w, https:\/\/pontiacarchives.org\/wp-content\/uploads\/2024\/06\/schooldisplayPontiac-Museum-300x225.jpeg 300w\" sizes=\"(max-width: 416px) 100vw, 416px\" \/><\/figure><div class=\"elementor-image-box-content\"><h3 class=\"elementor-image-box-title\">La salle d'\u00e9cole<\/h3><\/div><\/div>\t\t\t\t<\/div>\n\t\t\t\t<\/div>\n\t\t\t\t<div class=\"elementor-element elementor-element-8f9828e animated-slow elementor-position-top elementor-invisible elementor-widget elementor-widget-image-box\" data-id=\"8f9828e\" data-element_type=\"widget\" data-e-type=\"widget\" data-settings=\"{&quot;_animation&quot;:&quot;fadeIn&quot;,&quot;_animation_delay&quot;:600}\" data-widget_type=\"image-box.default\">\n\t\t\t\t<div class=\"elementor-widget-container\">\n\t\t\t\t\t<div class=\"elementor-image-box-wrapper\"><figure class=\"elementor-image-box-img\"><img decoding=\"async\" src=\"https:\/\/pontiacarchives.org\/wp-content\/uploads\/2024\/06\/chinacabinet2Pontiac-Museum.jpeg\" title=\"chinacabinet2Pontiac Museum\" alt=\"chinacabinet2Pontiac Museum\" loading=\"lazy\" \/><\/figure><div class=\"elementor-image-box-content\"><h3 class=\"elementor-image-box-title\">Le salon<\/h3><\/div><\/div>\t\t\t\t<\/div>\n\t\t\t\t<\/div>\n\t\t\t\t\t<\/div>\n\t\t\t\t<\/div>\n\t\t\t\t\t<\/div>\n\t\t\t\t<\/div>\n\t\t<div class=\"elementor-element elementor-element-b80e7ce e-flex e-con-boxed e-con e-child\" data-id=\"b80e7ce\" data-element_type=\"container\" data-e-type=\"container\" data-settings=\"{&quot;background_background&quot;:&quot;classic&quot;}\">\n\t\t\t\t\t<div class=\"e-con-inner\">\n\t\t\t\t\t<\/div>\n\t\t\t\t<\/div>\n\t\t\t\t<\/div>\n\t\t<div class=\"elementor-element elementor-element-cb44872 e-flex e-con-boxed e-con e-parent\" data-id=\"cb44872\" data-element_type=\"container\" data-e-type=\"container\">\n\t\t\t\t\t<div class=\"e-con-inner\">\n\t\t\t\t<div class=\"elementor-element elementor-element-7c91013 elementor-widget elementor-widget-heading\" data-id=\"7c91013\" data-element_type=\"widget\" data-e-type=\"widget\" data-widget_type=\"heading.default\">\n\t\t\t\t<div class=\"elementor-widget-container\">\n\t\t\t\t\t<h1 class=\"elementor-heading-title elementor-size-default\">Contact et heures d'ouverture<\/h1>\t\t\t\t<\/div>\n\t\t\t\t<\/div>\n\t\t\t\t<div class=\"elementor-element elementor-element-2cceeca elementor-widget elementor-widget-google_maps\" data-id=\"2cceeca\" data-element_type=\"widget\" data-e-type=\"widget\" data-widget_type=\"google_maps.default\">\n\t\t\t\t<div class=\"elementor-widget-container\">\n\t\t\t\t\t\t\t<div class=\"elementor-custom-embed\">\n\t\t\t<iframe loading=\"lazy\"\n\t\t\t\t\tsrc=\"https:\/\/maps.google.com\/maps?q=210%20Rue%20Lake%2C%20Shawville%2C%20QC%20J0X%202Y0&#038;t=m&#038;z=15&#038;output=embed&#038;iwloc=near\"\n\t\t\t\t\ttitle=\"210 Rue Lake, Shawville, QC J0X 2Y0\"\n\t\t\t\t\taria-label=\"210 Rue Lake, Shawville, QC J0X 2Y0\"\n\t\t\t><\/iframe>\n\t\t<\/div>\n\t\t\t\t\t\t<\/div>\n\t\t\t\t<\/div>\n\t\t<div class=\"elementor-element elementor-element-7a3d1bc e-con-full e-flex e-con e-child\" data-id=\"7a3d1bc\" data-element_type=\"container\" data-e-type=\"container\">\n\t\t\t\t<div class=\"elementor-element elementor-element-0d5fa9d elementor-widget elementor-widget-text-editor\" data-id=\"0d5fa9d\" data-element_type=\"widget\" data-e-type=\"widget\" data-widget_type=\"text-editor.default\">\n\t\t\t\t<div class=\"elementor-widget-container\">\n\t\t\t\t\t\t\t\t\t<div class=\"wDYxhc\" data-attrid=\"kc:\/location\/location:address\" data-md=\"1002\" data-hveid=\"CEAQAA\" data-ved=\"2ahUKEwjC9oqQgduGAxWIVvEDHRaCAmIQkCl6BAhAEAA\">\n<div class=\"Z1hOCe\">\n<div class=\"zloOqf PZPZlf\" data-dtype=\"d3ifr\" data-local-attribute=\"d3adr\" data-mid=\"\/g\/11b5wp94dw\" data-ved=\"2ahUKEwjC9oqQgduGAxWIVvEDHRaCAmIQghwoAHoECEAQAQ\">\n<p style=\"text-align: left;\"><span class=\"w8qArf\"><strong>Adresse :<\/strong> <\/span><span class=\"LrzXr\">210 Rue Lake, Shawville, QC J0X 2Y0<\/span><\/p>\n<div class=\"GDRHkb\" data-at=\"2\" data-uid=\"1\"><strong>Heures d&rsquo;ouverture :<\/strong> Du lundi au vendredi \u22c5 10 heures &#8211; 16 heures<\/div>\n<\/div>\n<\/div>\n<\/div>\n<div class=\"wDYxhc\" data-attrid=\"kc:\/location\/location:hours\" data-md=\"1005\" data-hveid=\"CD0QAA\" data-ved=\"2ahUKEwjC9oqQgduGAxWIVvEDHRaCAmIQkCl6BAg9EAA\">\n<div class=\"zloOqf PZPZlf\">\n<div class=\"GDRHkb\" data-at=\"8\" data-uid=\"1\"><span class=\"w8qArf\"><strong>T\u00e9l\u00e9phone : (819) 647-2535<\/strong> <\/span><span class=\"LrzXr zdqRlf kno-fv\"><a href=\"tel :%20(819)%20647-2535\" data-dtype=\"d3ph\" data-local-attribute=\"d3ph\" data-ved=\"2ahUKEwjC9oqQgduGAxWIVvEDHRaCAmIQkAgoAHoECD8QAw\"><span aria-label=\"Call Phone Number (819) 647-2535\">(819) 647-2535<\/span><\/a><\/span><\/div>\n<\/div>\n<\/div>\n<div class=\"wDYxhc\" data-attrid=\"kc:\/local:pending edits\" data-md=\"257\"> <\/div>\n<div class=\"wDYxhc\" data-attrid=\"kc:\/local:edit info\" data-md=\"140\" data-hveid=\"CD4QAA\" data-ved=\"2ahUKEwjC9oqQgduGAxWIVvEDHRaCAmIQkG0oAHoECD4QAA\">\n<div class=\"NgDbBb\">\n<div>\n<p><strong>Pr\u00e9sident de la Pontiac Heritage Association<\/strong><\/p>\n<p>Robert Willis<br \/><a href=\"mailto:rlandonwills@aol.com\">rlandonwills@aol.com<\/a><\/p>\n<\/div>\n<\/div>\n<\/div>\n\t\t\t\t\t\t\t\t<\/div>\n\t\t\t\t<\/div>\n\t\t\t\t<\/div>\n\t\t\t\t<div class=\"elementor-element elementor-element-553e50b elementor-widget elementor-widget-button\" data-id=\"553e50b\" data-element_type=\"widget\" data-e-type=\"widget\" data-widget_type=\"button.default\">\n\t\t\t\t<div class=\"elementor-widget-container\">\n\t\t\t\t\t\t\t\t\t<div class=\"elementor-button-wrapper\">\n\t\t\t\t\t<a class=\"elementor-button elementor-button-link elementor-size-sm\" href=\"https:\/\/www.facebook.com\/groups\/328944143837546\/\">\n\t\t\t\t\t\t<span class=\"elementor-button-content-wrapper\">\n\t\t\t\t\t\t\t\t\t<span class=\"elementor-button-text\">Facebook<\/span>\n\t\t\t\t\t<\/span>\n\t\t\t\t\t<\/a>\n\t\t\t\t<\/div>\n\t\t\t\t\t\t\t\t<\/div>\n\t\t\t\t<\/div>\n\t\t\t\t\t<\/div>\n\t\t\t\t<\/div>\n\t\t\t\t<\/div>\n\t\t","protected":false},"excerpt":{"rendered":"<p>Le Mus\u00e9e du Pontiac, cr\u00e9\u00e9 et entretenu par la Soci\u00e9t\u00e9 Historique du Pontiac, met en valeur le riche patrimoine de la r\u00e9gion. Situ\u00e9 dans l&rsquo;ancienne gare du chemin de fer PPJ, le mus\u00e9e pr\u00e9sente des expositions telles qu&rsquo;une salle de classe du d\u00e9but du si\u00e8cle, une \u00e9picerie g\u00e9n\u00e9rale, des outils agricoles et des appareils m\u00e9nagers. [&hellip;]<\/p>\n","protected":false},"author":1,"featured_media":5685,"parent":0,"menu_order":0,"comment_status":"closed","ping_status":"closed","template":"","meta":{"_acf_changed":false,"footnotes":""},"class_list":["post-6286","page","type-page","status-publish","has-post-thumbnail","hentry"],"acf":[],"_links":{"self":[{"href":"https:\/\/pontiacarchives.org\/fr\/wp-json\/wp\/v2\/pages\/6286","targetHints":{"allow":["GET"]}}],"collection":[{"href":"https:\/\/pontiacarchives.org\/fr\/wp-json\/wp\/v2\/pages"}],"about":[{"href":"https:\/\/pontiacarchives.org\/fr\/wp-json\/wp\/v2\/types\/page"}],"author":[{"embeddable":true,"href":"https:\/\/pontiacarchives.org\/fr\/wp-json\/wp\/v2\/users\/1"}],"replies":[{"embeddable":true,"href":"https:\/\/pontiacarchives.org\/fr\/wp-json\/wp\/v2\/comments?post=6286"}],"version-history":[{"count":7,"href":"https:\/\/pontiacarchives.org\/fr\/wp-json\/wp\/v2\/pages\/6286\/revisions"}],"predecessor-version":[{"id":9594,"href":"https:\/\/pontiacarchives.org\/fr\/wp-json\/wp\/v2\/pages\/6286\/revisions\/9594"}],"wp:featuredmedia":[{"embeddable":true,"href":"https:\/\/pontiacarchives.org\/fr\/wp-json\/wp\/v2\/media\/5685"}],"wp:attachment":[{"href":"https:\/\/pontiacarchives.org\/fr\/wp-json\/wp\/v2\/media?parent=6286"}],"curies":[{"name":"wp","href":"https:\/\/api.w.org\/{rel}","templated":true}]}}