{"id":6290,"date":"2024-06-19T09:53:52","date_gmt":"2024-06-19T13:53:52","guid":{"rendered":"https:\/\/pontiacarchives.org.ottawavalleymedia.ca\/archives-de-sheenboro\/"},"modified":"2025-05-28T10:44:31","modified_gmt":"2025-05-28T14:44:31","slug":"archives-de-sheenboro","status":"publish","type":"page","link":"https:\/\/pontiacarchives.org\/fr\/archives-de-sheenboro\/","title":{"rendered":"Archives de Sheenboro"},"content":{"rendered":"\t\t<div data-elementor-type=\"wp-page\" data-elementor-id=\"6290\" class=\"elementor elementor-6290 elementor-2389\" data-elementor-post-type=\"page\">\n\t\t\t\t<div class=\"elementor-element elementor-element-1cf45d7 e-flex e-con-boxed e-con e-parent\" data-id=\"1cf45d7\" data-element_type=\"container\" data-e-type=\"container\">\n\t\t\t\t\t<div class=\"e-con-inner\">\n\t\t<div class=\"elementor-element elementor-element-13d7715 e-con-full e-flex e-con e-child\" data-id=\"13d7715\" data-element_type=\"container\" data-e-type=\"container\">\n\t\t\t\t<div class=\"elementor-element elementor-element-770dcaf elementor-widget__width-initial elementor-widget elementor-widget-text-editor\" data-id=\"770dcaf\" data-element_type=\"widget\" data-e-type=\"widget\" data-widget_type=\"text-editor.default\">\n\t\t\t\t<div class=\"elementor-widget-container\">\n\t\t\t\t\t\t\t\t\t<h1>Remontez le temps et explorez la riche histoire de Sheenboro!<\/h1><p>En juin dernier, Sheenboro a inaugur\u00e9 ses premi\u00e8res archives, situ\u00e9es dans le b\u00e2timent de l&rsquo;H\u00f4tel de Ville. Les archives sont un d\u00e9p\u00f4t de sources primaires et secondaires relatives \u00e0 l&rsquo;histoire unique de Sheenboro, de Fort William et de la r\u00e9gion. Avec des ann\u00e9es d&rsquo;artefacts historiques et de documents sur les terres, les b\u00e2timents, les entreprises, les familles, des images et bien plus encore, vous allez s\u00fbrement d\u00e9couvrir quelque chose de nouveau sur la r\u00e9gion. Que vous soyez passionn\u00e9 d&rsquo;histoire, chercheur ou que vous souhaitiez simplement en savoir plus sur votre g\u00e9n\u00e9alogie, venez nous rendre visite !<\/p>\t\t\t\t\t\t\t\t<\/div>\n\t\t\t\t<\/div>\n\t\t\t\t<div class=\"elementor-element elementor-element-7f2c286 elementor-icon-list--layout-traditional elementor-list-item-link-full_width elementor-widget elementor-widget-icon-list\" data-id=\"7f2c286\" data-element_type=\"widget\" data-e-type=\"widget\" data-widget_type=\"icon-list.default\">\n\t\t\t\t<div class=\"elementor-widget-container\">\n\t\t\t\t\t\t\t<ul class=\"elementor-icon-list-items\">\n\t\t\t\t\t\t\t<li class=\"elementor-icon-list-item\">\n\t\t\t\t\t\t\t\t\t\t\t<a href=\"https:\/\/pontiacarchives.org\/wp-content\/uploads\/2025\/05\/sheenboro-pamphlet.pdf\" target=\"_blank\">\n\n\t\t\t\t\t\t\t\t\t\t\t\t<span class=\"elementor-icon-list-icon\">\n\t\t\t\t\t\t\t<svg aria-hidden=\"true\" class=\"e-font-icon-svg e-fas-file-download\" viewBox=\"0 0 384 512\" xmlns=\"http:\/\/www.w3.org\/2000\/svg\"><path d=\"M224 136V0H24C10.7 0 0 10.7 0 24v464c0 13.3 10.7 24 24 24h336c13.3 0 24-10.7 24-24V160H248c-13.2 0-24-10.8-24-24zm76.45 211.36l-96.42 95.7c-6.65 6.61-17.39 6.61-24.04 0l-96.42-95.7C73.42 337.29 80.54 320 94.82 320H160v-80c0-8.84 7.16-16 16-16h32c8.84 0 16 7.16 16 16v80h65.18c14.28 0 21.4 17.29 11.27 27.36zM377 105L279.1 7c-4.5-4.5-10.6-7-17-7H256v128h128v-6.1c0-6.3-2.5-12.4-7-16.9z\"><\/path><\/svg>\t\t\t\t\t\t<\/span>\n\t\t\t\t\t\t\t\t\t\t<span class=\"elementor-icon-list-text\">T\u00e9l\u00e9charger notre brochure <\/span>\n\t\t\t\t\t\t\t\t\t\t\t<\/a>\n\t\t\t\t\t\t\t\t\t<\/li>\n\t\t\t\t\t\t<\/ul>\n\t\t\t\t\t\t<\/div>\n\t\t\t\t<\/div>\n\t\t\t\t<\/div>\n\t\t<div class=\"elementor-element elementor-element-7d2f963 e-con-full e-flex e-con e-child\" data-id=\"7d2f963\" data-element_type=\"container\" data-e-type=\"container\">\n\t\t\t\t<div class=\"elementor-element elementor-element-625c66d elementor-widget__width-initial elementor-widget elementor-widget-image\" data-id=\"625c66d\" data-element_type=\"widget\" data-e-type=\"widget\" data-widget_type=\"image.default\">\n\t\t\t\t<div class=\"elementor-widget-container\">\n\t\t\t\t\t\t\t\t\t\t\t\t\t\t\t<img fetchpriority=\"high\" decoding=\"async\" width=\"1085\" height=\"686\" src=\"https:\/\/pontiacarchives.org\/wp-content\/uploads\/2025\/04\/sheen-31.jpg\" class=\"attachment-full size-full wp-image-9740\" alt=\"\" srcset=\"https:\/\/pontiacarchives.org\/wp-content\/uploads\/2025\/04\/sheen-31.jpg 1085w, https:\/\/pontiacarchives.org\/wp-content\/uploads\/2025\/04\/sheen-31-300x190.jpg 300w, https:\/\/pontiacarchives.org\/wp-content\/uploads\/2025\/04\/sheen-31-1024x647.jpg 1024w, https:\/\/pontiacarchives.org\/wp-content\/uploads\/2025\/04\/sheen-31-768x486.jpg 768w\" sizes=\"(max-width: 1085px) 100vw, 1085px\" \/>\t\t\t\t\t\t\t\t\t\t\t\t\t\t\t<\/div>\n\t\t\t\t<\/div>\n\t\t\t\t<div class=\"elementor-element elementor-element-3cfdf5e elementor-icon-list--layout-traditional elementor-list-item-link-full_width elementor-widget elementor-widget-icon-list\" data-id=\"3cfdf5e\" data-element_type=\"widget\" data-e-type=\"widget\" data-widget_type=\"icon-list.default\">\n\t\t\t\t<div class=\"elementor-widget-container\">\n\t\t\t\t\t\t\t<ul class=\"elementor-icon-list-items\">\n\t\t\t\t\t\t\t<li class=\"elementor-icon-list-item\">\n\t\t\t\t\t\t\t\t\t\t\t<span class=\"elementor-icon-list-icon\">\n\t\t\t\t\t\t\t<svg aria-hidden=\"true\" class=\"e-font-icon-svg e-fas-map-marker-alt\" viewBox=\"0 0 384 512\" xmlns=\"http:\/\/www.w3.org\/2000\/svg\"><path d=\"M172.268 501.67C26.97 291.031 0 269.413 0 192 0 85.961 85.961 0 192 0s192 85.961 192 192c0 77.413-26.97 99.031-172.268 309.67-9.535 13.774-29.93 13.773-39.464 0zM192 272c44.183 0 80-35.817 80-80s-35.817-80-80-80-80 35.817-80 80 35.817 80 80 80z\"><\/path><\/svg>\t\t\t\t\t\t<\/span>\n\t\t\t\t\t\t\t\t\t\t<span class=\"elementor-icon-list-text\">59 Chemin Sheenboro, Sheenboro, Qu\u00e9bec J0X 2Z0<\/span>\n\t\t\t\t\t\t\t\t\t<\/li>\n\t\t\t\t\t\t\t\t<li class=\"elementor-icon-list-item\">\n\t\t\t\t\t\t\t\t\t\t\t<span class=\"elementor-icon-list-icon\">\n\t\t\t\t\t\t\t<svg aria-hidden=\"true\" class=\"e-font-icon-svg e-fas-phone\" viewBox=\"0 0 512 512\" xmlns=\"http:\/\/www.w3.org\/2000\/svg\"><path d=\"M493.4 24.6l-104-24c-11.3-2.6-22.9 3.3-27.5 13.9l-48 112c-4.2 9.8-1.4 21.3 6.9 28l60.6 49.6c-36 76.7-98.9 140.5-177.2 177.2l-49.6-60.6c-6.8-8.3-18.2-11.1-28-6.9l-112 48C3.9 366.5-2 378.1.6 389.4l24 104C27.1 504.2 36.7 512 48 512c256.1 0 464-207.5 464-464 0-11.2-7.7-20.9-18.6-23.4z\"><\/path><\/svg>\t\t\t\t\t\t<\/span>\n\t\t\t\t\t\t\t\t\t\t<span class=\"elementor-icon-list-text\">Lorna Brennan Agnesi : 819-689-2317<\/span>\n\t\t\t\t\t\t\t\t\t<\/li>\n\t\t\t\t\t\t<\/ul>\n\t\t\t\t\t\t<\/div>\n\t\t\t\t<\/div>\n\t\t\t\t<\/div>\n\t\t\t\t\t<\/div>\n\t\t\t\t<\/div>\n\t\t\t\t<\/div>\n\t\t","protected":false},"excerpt":{"rendered":"<p>Remontez le temps et explorez la riche histoire de Sheenboro! En juin dernier, Sheenboro a inaugur\u00e9 ses premi\u00e8res archives, situ\u00e9es dans le b\u00e2timent de l&rsquo;H\u00f4tel de Ville. Les archives sont un d\u00e9p\u00f4t de sources primaires et secondaires relatives \u00e0 l&rsquo;histoire unique de Sheenboro, de Fort William et de la r\u00e9gion. Avec des ann\u00e9es d&rsquo;artefacts historiques [&hellip;]<\/p>\n","protected":false},"author":1,"featured_media":5688,"parent":0,"menu_order":0,"comment_status":"closed","ping_status":"closed","template":"","meta":{"_acf_changed":false,"footnotes":""},"class_list":["post-6290","page","type-page","status-publish","has-post-thumbnail","hentry"],"acf":[],"_links":{"self":[{"href":"https:\/\/pontiacarchives.org\/fr\/wp-json\/wp\/v2\/pages\/6290","targetHints":{"allow":["GET"]}}],"collection":[{"href":"https:\/\/pontiacarchives.org\/fr\/wp-json\/wp\/v2\/pages"}],"about":[{"href":"https:\/\/pontiacarchives.org\/fr\/wp-json\/wp\/v2\/types\/page"}],"author":[{"embeddable":true,"href":"https:\/\/pontiacarchives.org\/fr\/wp-json\/wp\/v2\/users\/1"}],"replies":[{"embeddable":true,"href":"https:\/\/pontiacarchives.org\/fr\/wp-json\/wp\/v2\/comments?post=6290"}],"version-history":[{"count":16,"href":"https:\/\/pontiacarchives.org\/fr\/wp-json\/wp\/v2\/pages\/6290\/revisions"}],"predecessor-version":[{"id":9808,"href":"https:\/\/pontiacarchives.org\/fr\/wp-json\/wp\/v2\/pages\/6290\/revisions\/9808"}],"wp:featuredmedia":[{"embeddable":true,"href":"https:\/\/pontiacarchives.org\/fr\/wp-json\/wp\/v2\/media\/5688"}],"wp:attachment":[{"href":"https:\/\/pontiacarchives.org\/fr\/wp-json\/wp\/v2\/media?parent=6290"}],"curies":[{"name":"wp","href":"https:\/\/api.w.org\/{rel}","templated":true}]}}