{"id":6291,"date":"2024-06-10T09:32:23","date_gmt":"2024-06-10T09:32:23","guid":{"rendered":"https:\/\/pontiacarchives.org.ottawavalleymedia.ca\/rapides-des-joachims\/"},"modified":"2024-10-20T01:15:49","modified_gmt":"2024-10-20T01:15:49","slug":"rapides-des-joachims","status":"publish","type":"page","link":"https:\/\/pontiacarchives.org\/fr\/rapides-des-joachims\/","title":{"rendered":"Rapides des Joachims"},"content":{"rendered":"\t\t<div data-elementor-type=\"wp-page\" data-elementor-id=\"6291\" class=\"elementor elementor-6291 elementor-2063\" data-elementor-post-type=\"page\">\n\t\t\t\t<div class=\"elementor-element elementor-element-d204c60 e-flex e-con-boxed e-con e-parent\" data-id=\"d204c60\" data-element_type=\"container\" data-e-type=\"container\">\n\t\t\t\t\t<div class=\"e-con-inner\">\n\t\t<div class=\"elementor-element elementor-element-6607238 e-con-full e-flex e-con e-child\" data-id=\"6607238\" data-element_type=\"container\" data-e-type=\"container\">\n\t\t\t\t<div class=\"elementor-element elementor-element-b8a7987 elementor-widget elementor-widget-text-editor\" data-id=\"b8a7987\" data-element_type=\"widget\" data-e-type=\"widget\" data-widget_type=\"text-editor.default\">\n\t\t\t\t<div class=\"elementor-widget-container\">\n\t\t\t\t\t\t\t\t\t<p>Rapides-des-<span class=\"spellver\">Joachims<\/span>, Qu\u00e9bec, souvent simplement appel\u00e9 \u00ab\u00a0Des\u00a0<span class=\"spellver\">Joachims<\/span>\u00a0\u00bb ou \u00ab\u00a0<span class=\"spellver\">Swisha<\/span>\u00a0\u00bb par les locaux, est une communaut\u00e9 unique et \u00e9loign\u00e9e situ\u00e9e le long de la rivi\u00e8re des\u00a0<span class=\"spellver\" title=\"Ouatais, Tatouais, Touais, Outrais, Taquais, Trouais, Statuais, T'avouais, Tatouai, Attaquais, Entaquais, Outillais, Touai, Tuais, Tanguais, Douais, T'avouai, T'accouais, T'allouais, T'ouatais\">Outaouais<\/span>, pr\u00e8s de la fronti\u00e8re avec l&rsquo;Ontario. Fond\u00e9 au 19e si\u00e8cle, ce petit village est historiquement li\u00e9 \u00e0 l&rsquo;industrie foresti\u00e8re, sa position pr\u00e8s des rapides puissants en faisant un site cl\u00e9 pour le transport du bois. Contrairement aux centres plus agricoles ou administratifs du\u00a0<span class=\"spellver\" title=\"Ponta, Pontas, Pontil, Pont\u00e2t, Pontier, Pontils, Pontiez, Pontife, Pontilla, Pondis, Pontant, Pontillas, Pontill\u00e2t, Pontillai, Pondit, Pond\u00eet, Ostiak, Pondra\">Pontiac<\/span>, Rapides-des-<span class=\"spellver\" title=\"Jonchions, Jonchons, Machins, Crachins, Machin, Crachin\">Joachims<\/span>\u00a0a toujours \u00e9t\u00e9 \u00e9troitement li\u00e9 \u00e0 la rivi\u00e8re, qui a fa\u00e7onn\u00e9 son \u00e9conomie et son mode de vie.<\/p><p>L&rsquo;isolement du village a favoris\u00e9 un fort esprit communautaire parmi ses r\u00e9sidents, qui ont longtemps compt\u00e9 les uns sur les autres dans cet environnement naturel et sauvage. Aujourd&rsquo;hui, Rapides-des-Joachims demeure une communaut\u00e9 tranquille et soud\u00e9e, o\u00f9 l&rsquo;h\u00e9ritage de son pass\u00e9 forestier est encore visible dans les for\u00eats et les cours d&rsquo;eau environnants.<\/p>\t\t\t\t\t\t\t\t<\/div>\n\t\t\t\t<\/div>\n\t\t\t\t<\/div>\n\t\t<div class=\"elementor-element elementor-element-948848b e-con-full e-flex e-con e-child\" data-id=\"948848b\" data-element_type=\"container\" data-e-type=\"container\" data-settings=\"{&quot;background_background&quot;:&quot;classic&quot;}\">\n\t\t\t\t<\/div>\n\t\t\t\t\t<\/div>\n\t\t\t\t<\/div>\n\t\t<div class=\"elementor-element elementor-element-2b694ab e-con-full e-flex e-con e-parent\" data-id=\"2b694ab\" data-element_type=\"container\" data-e-type=\"container\">\n\t\t<div class=\"elementor-element elementor-element-f8170e1 e-flex e-con-boxed e-con e-child\" data-id=\"f8170e1\" data-element_type=\"container\" data-e-type=\"container\" data-settings=\"{&quot;background_background&quot;:&quot;classic&quot;}\">\n\t\t\t\t\t<div class=\"e-con-inner\">\n\t\t\t\t\t<\/div>\n\t\t\t\t<\/div>\n\t\t<div class=\"elementor-element elementor-element-3e6e2fd e-flex e-con-boxed e-con e-child\" data-id=\"3e6e2fd\" data-element_type=\"container\" data-e-type=\"container\" data-settings=\"{&quot;background_background&quot;:&quot;classic&quot;}\">\n\t\t\t\t\t<div class=\"e-con-inner\">\n\t\t\t\t<div class=\"elementor-element elementor-element-8508028 elementor-widget elementor-widget-heading\" data-id=\"8508028\" data-element_type=\"widget\" data-e-type=\"widget\" data-widget_type=\"heading.default\">\n\t\t\t\t<div class=\"elementor-widget-container\">\n\t\t\t\t\t<h2 class=\"elementor-heading-title elementor-size-default\">Consultez notre base de donn\u00e9es<\/h2>\t\t\t\t<\/div>\n\t\t\t\t<\/div>\n\t\t\t\t<div class=\"elementor-element elementor-element-670301b elementor-widget elementor-widget-text-editor\" data-id=\"670301b\" data-element_type=\"widget\" data-e-type=\"widget\" data-widget_type=\"text-editor.default\">\n\t\t\t\t<div class=\"elementor-widget-container\">\n\t\t\t\t\t\t\t\t\t<p>Les Archives du Pontiac offrent une riche collection de photos historiques et de documents disponibles dans leur base de donn\u00e9es num\u00e9rique, capturant l\u2019histoire diversifi\u00e9e de la r\u00e9gion. Ces images proposent un voyage visuel \u00e0 travers le pass\u00e9, pr\u00e9sentant tout, des premiers \u00e9tablissements aux \u00e9v\u00e9nements communautaires marquants. Bon nombre de ces photos ont \u00e9t\u00e9 g\u00e9n\u00e9reusement offertes par des r\u00e9sidents locaux ou emprunt\u00e9es avec la permission de<span style=\"color: #000000;\">\u00a0<strong><em><a style=\"color: #000000;\" href=\"https:\/\/theequity.ca\/\">The Equity<\/a><\/em><\/strong><\/span>, pr\u00e9servant ainsi l\u2019histoire partag\u00e9e de la communaut\u00e9.<\/p>\t\t\t\t\t\t\t\t<\/div>\n\t\t\t\t<\/div>\n\t\t\t\t\t<\/div>\n\t\t\t\t<\/div>\n\t\t<div class=\"elementor-element elementor-element-278b2b8 e-con-full e-flex e-con e-child\" data-id=\"278b2b8\" data-element_type=\"container\" data-e-type=\"container\" data-settings=\"{&quot;background_background&quot;:&quot;classic&quot;}\">\n\t\t\t\t<div class=\"elementor-element elementor-element-47f9353 elementor-grid-6 elementor-grid-tablet-2 elementor-grid-mobile-1 elementor-widget elementor-widget-loop-grid\" data-id=\"47f9353\" data-element_type=\"widget\" data-e-type=\"widget\" data-settings=\"{&quot;template_id&quot;:6250,&quot;masonry&quot;:&quot;yes&quot;,&quot;row_gap&quot;:{&quot;unit&quot;:&quot;px&quot;,&quot;size&quot;:5,&quot;sizes&quot;:[]},&quot;columns&quot;:6,&quot;pagination_type&quot;:&quot;numbers&quot;,&quot;pagination_load_type&quot;:&quot;ajax&quot;,&quot;auto_scroll&quot;:&quot;yes&quot;,&quot;_skin&quot;:&quot;post&quot;,&quot;columns_tablet&quot;:&quot;2&quot;,&quot;columns_mobile&quot;:&quot;1&quot;,&quot;edit_handle_selector&quot;:&quot;[data-elementor-type=\\&quot;loop-item\\&quot;]&quot;,&quot;row_gap_tablet&quot;:{&quot;unit&quot;:&quot;px&quot;,&quot;size&quot;:&quot;&quot;,&quot;sizes&quot;:[]},&quot;row_gap_mobile&quot;:{&quot;unit&quot;:&quot;px&quot;,&quot;size&quot;:&quot;&quot;,&quot;sizes&quot;:[]}}\" data-widget_type=\"loop-grid.post\">\n\t\t\t\t<div class=\"elementor-widget-container\">\n\t\t\t\t\t\t\t<div class=\"e-loop-nothing-found-message\">\n\t\t\t\t\t<div class=\"e-loop-nothing-found-message__text\">\n\t\t\t\t<b>Aucune photo trouv\u00e9e pour cette municipalit\u00e9.<\/b>\n\n<\/br>\n\nLa collection des Archives est loin d\u2019\u00eatre compl\u00e8te, en particulier pour les petites municipalit\u00e9s et les r\u00e9gions rurales. Si vous avez du mat\u00e9riel historique \u00e0 nous offrir, nous serions ravis de vous entendre! Veuillez cliquer sur le bouton de contact en haut de la page pour nous joindre.\t\t\t<\/div>\n\t\t\t<\/div>\n\t\t\t\t\t\t<\/div>\n\t\t\t\t<\/div>\n\t\t\t\t<\/div>\n\t\t<div class=\"elementor-element elementor-element-edac06b e-flex e-con-boxed e-con e-child\" data-id=\"edac06b\" data-element_type=\"container\" data-e-type=\"container\" data-settings=\"{&quot;background_background&quot;:&quot;classic&quot;}\">\n\t\t\t\t\t<div class=\"e-con-inner\">\n\t\t\t\t\t<\/div>\n\t\t\t\t<\/div>\n\t\t\t\t<\/div>\n\t\t<div class=\"elementor-element elementor-element-6bda36a e-flex e-con-boxed e-con e-parent\" data-id=\"6bda36a\" data-element_type=\"container\" data-e-type=\"container\">\n\t\t\t\t\t<div class=\"e-con-inner\">\n\t\t<div class=\"elementor-element elementor-element-1e0baa4 e-con-full e-flex e-con e-child\" data-id=\"1e0baa4\" data-element_type=\"container\" data-e-type=\"container\">\n\t\t<div class=\"elementor-element elementor-element-50a5324 e-flex e-con-boxed e-con e-child\" data-id=\"50a5324\" data-element_type=\"container\" data-e-type=\"container\">\n\t\t\t\t\t<div class=\"e-con-inner\">\n\t\t<div class=\"elementor-element elementor-element-48964c0 e-flex e-con-boxed e-con e-child\" data-id=\"48964c0\" data-element_type=\"container\" data-e-type=\"container\" data-settings=\"{&quot;background_background&quot;:&quot;classic&quot;}\">\n\t\t\t\t\t<div class=\"e-con-inner\">\n\t\t\t\t\t<\/div>\n\t\t\t\t<\/div>\n\t\t<div class=\"elementor-element elementor-element-dbb3cf8 e-flex e-con-boxed e-con e-child\" data-id=\"dbb3cf8\" data-element_type=\"container\" data-e-type=\"container\" data-settings=\"{&quot;background_background&quot;:&quot;classic&quot;}\">\n\t\t\t\t\t<div class=\"e-con-inner\">\n\t\t<div class=\"elementor-element elementor-element-d7d0768 e-flex e-con-boxed e-con e-child\" data-id=\"d7d0768\" data-element_type=\"container\" data-e-type=\"container\" data-settings=\"{&quot;background_background&quot;:&quot;classic&quot;}\">\n\t\t\t\t\t<div class=\"e-con-inner\">\n\t\t\t\t<div class=\"elementor-element elementor-element-0fe5320 elementor-widget elementor-widget-heading\" data-id=\"0fe5320\" data-element_type=\"widget\" data-e-type=\"widget\" data-widget_type=\"heading.default\">\n\t\t\t\t<div class=\"elementor-widget-container\">\n\t\t\t\t\t<h5 class=\"elementor-heading-title elementor-size-default\">Documents<\/h5>\t\t\t\t<\/div>\n\t\t\t\t<\/div>\n\t\t\t\t\t<\/div>\n\t\t\t\t<\/div>\n\t\t\t\t<div class=\"elementor-element elementor-element-97439a9 elementor-widget elementor-widget-text-editor\" data-id=\"97439a9\" data-element_type=\"widget\" data-e-type=\"widget\" data-widget_type=\"text-editor.default\">\n\t\t\t\t<div class=\"elementor-widget-container\">\n\t\t\t\t\t\t\t\t\t<p>Parcourez une partie de notre collection de documents, y compris des actes de naissance, de d\u00e9c\u00e8s et de mariage datant du 19e si\u00e8cle.<\/p>\n\t\t\t\t\t\t\t\t<\/div>\n\t\t\t\t<\/div>\n\t\t\t\t\t<\/div>\n\t\t\t\t<\/div>\n\t\t<div class=\"elementor-element elementor-element-d67a20d e-flex e-con-boxed e-con e-child\" data-id=\"d67a20d\" data-element_type=\"container\" data-e-type=\"container\" data-settings=\"{&quot;background_background&quot;:&quot;classic&quot;}\">\n\t\t\t\t\t<div class=\"e-con-inner\">\n\t\t\t\t\t<\/div>\n\t\t\t\t<\/div>\n\t\t\t\t\t<\/div>\n\t\t\t\t<\/div>\n\t\t<div class=\"elementor-element elementor-element-4678fb7 e-flex e-con-boxed e-con e-child\" data-id=\"4678fb7\" data-element_type=\"container\" data-e-type=\"container\">\n\t\t\t\t\t<div class=\"e-con-inner\">\n\t\t<div class=\"elementor-element elementor-element-0842e13 e-flex e-con-boxed e-con e-child\" data-id=\"0842e13\" data-element_type=\"container\" data-e-type=\"container\" data-settings=\"{&quot;background_background&quot;:&quot;classic&quot;}\">\n\t\t\t\t\t<div class=\"e-con-inner\">\n\t\t\t\t\t<\/div>\n\t\t\t\t<\/div>\n\t\t<div class=\"elementor-element elementor-element-a755f3d e-flex e-con-boxed e-con e-child\" data-id=\"a755f3d\" data-element_type=\"container\" data-e-type=\"container\" data-settings=\"{&quot;background_background&quot;:&quot;classic&quot;}\">\n\t\t\t\t\t<div class=\"e-con-inner\">\n\t\t<div class=\"elementor-element elementor-element-3461573 e-flex e-con-boxed e-con e-child\" data-id=\"3461573\" data-element_type=\"container\" data-e-type=\"container\" data-settings=\"{&quot;background_background&quot;:&quot;classic&quot;}\">\n\t\t\t\t\t<div class=\"e-con-inner\">\n\t\t\t\t<div class=\"elementor-element elementor-element-4b7787b elementor-widget elementor-widget-heading\" data-id=\"4b7787b\" data-element_type=\"widget\" data-e-type=\"widget\" data-widget_type=\"heading.default\">\n\t\t\t\t<div class=\"elementor-widget-container\">\n\t\t\t\t\t<h5 class=\"elementor-heading-title elementor-size-default\">Cimeti\u00e8res<\/h5>\t\t\t\t<\/div>\n\t\t\t\t<\/div>\n\t\t\t\t\t<\/div>\n\t\t\t\t<\/div>\n\t\t\t\t<div class=\"elementor-element elementor-element-2962a0a elementor-widget elementor-widget-text-editor\" data-id=\"2962a0a\" data-element_type=\"widget\" data-e-type=\"widget\" data-widget_type=\"text-editor.default\">\n\t\t\t\t<div class=\"elementor-widget-container\">\n\t\t\t\t\t\t\t\t\t<p>Explorez les lieux de repos de ceux qui ont fa\u00e7onn\u00e9 notre histoire locale.<\/p>\n\t\t\t\t\t\t\t\t<\/div>\n\t\t\t\t<\/div>\n\t\t\t\t\t<\/div>\n\t\t\t\t<\/div>\n\t\t<div class=\"elementor-element elementor-element-dc2b537 e-flex e-con-boxed e-con e-child\" data-id=\"dc2b537\" data-element_type=\"container\" data-e-type=\"container\" data-settings=\"{&quot;background_background&quot;:&quot;classic&quot;}\">\n\t\t\t\t\t<div class=\"e-con-inner\">\n\t\t\t\t\t<\/div>\n\t\t\t\t<\/div>\n\t\t\t\t\t<\/div>\n\t\t\t\t<\/div>\n\t\t<div class=\"elementor-element elementor-element-04afad2 e-flex e-con-boxed e-con e-child\" data-id=\"04afad2\" data-element_type=\"container\" data-e-type=\"container\">\n\t\t\t\t\t<div class=\"e-con-inner\">\n\t\t<div class=\"elementor-element elementor-element-9ebfd68 e-flex e-con-boxed e-con e-child\" data-id=\"9ebfd68\" data-element_type=\"container\" data-e-type=\"container\" data-settings=\"{&quot;background_background&quot;:&quot;classic&quot;}\">\n\t\t\t\t\t<div class=\"e-con-inner\">\n\t\t\t\t\t<\/div>\n\t\t\t\t<\/div>\n\t\t<div class=\"elementor-element elementor-element-b6047c5 e-flex e-con-boxed e-con e-child\" data-id=\"b6047c5\" data-element_type=\"container\" data-e-type=\"container\" data-settings=\"{&quot;background_background&quot;:&quot;classic&quot;}\">\n\t\t\t\t\t<div class=\"e-con-inner\">\n\t\t<div class=\"elementor-element elementor-element-1944966 e-flex e-con-boxed e-con e-child\" data-id=\"1944966\" data-element_type=\"container\" data-e-type=\"container\" data-settings=\"{&quot;background_background&quot;:&quot;classic&quot;}\">\n\t\t\t\t\t<div class=\"e-con-inner\">\n\t\t\t\t<div class=\"elementor-element elementor-element-b379ea3 elementor-widget elementor-widget-heading\" data-id=\"b379ea3\" data-element_type=\"widget\" data-e-type=\"widget\" data-widget_type=\"heading.default\">\n\t\t\t\t<div class=\"elementor-widget-container\">\n\t\t\t\t\t<h5 class=\"elementor-heading-title elementor-size-default\">En savoir plus sur Rapides-des-Joachims<\/h5>\t\t\t\t<\/div>\n\t\t\t\t<\/div>\n\t\t\t\t\t<\/div>\n\t\t\t\t<\/div>\n\t\t\t\t<div class=\"elementor-element elementor-element-34b5f13 elementor-widget elementor-widget-text-editor\" data-id=\"34b5f13\" data-element_type=\"widget\" data-e-type=\"widget\" data-widget_type=\"text-editor.default\">\n\t\t\t\t<div class=\"elementor-widget-container\">\n\t\t\t\t\t\t\t\t\t<p>Visitez le site web touristique de la municipalit\u00e9 ou de la r\u00e9gion pour en savoir plus sur notre r\u00e9gion.<\/p>\n\t\t\t\t\t\t\t\t<\/div>\n\t\t\t\t<\/div>\n\t\t\t\t<div class=\"elementor-element elementor-element-d7d0d2a elementor-icon-list--layout-traditional elementor-list-item-link-full_width elementor-widget elementor-widget-icon-list\" data-id=\"d7d0d2a\" data-element_type=\"widget\" data-e-type=\"widget\" data-widget_type=\"icon-list.default\">\n\t\t\t\t<div class=\"elementor-widget-container\">\n\t\t\t\t\t\t\t<ul class=\"elementor-icon-list-items\">\n\t\t\t\t\t\t\t<li class=\"elementor-icon-list-item\">\n\t\t\t\t\t\t\t\t\t\t\t<a href=\"https:\/\/destinationpontiac.ca\/en\/territory\/rapides-des-joachims\/\">\n\n\t\t\t\t\t\t\t\t\t\t\t\t<span class=\"elementor-icon-list-icon\">\n\t\t\t\t\t\t\t<svg aria-hidden=\"true\" class=\"e-font-icon-svg e-fas-map-marker-alt\" viewBox=\"0 0 384 512\" xmlns=\"http:\/\/www.w3.org\/2000\/svg\"><path d=\"M172.268 501.67C26.97 291.031 0 269.413 0 192 0 85.961 85.961 0 192 0s192 85.961 192 192c0 77.413-26.97 99.031-172.268 309.67-9.535 13.774-29.93 13.773-39.464 0zM192 272c44.183 0 80-35.817 80-80s-35.817-80-80-80-80 35.817-80 80 35.817 80 80 80z\"><\/path><\/svg>\t\t\t\t\t\t<\/span>\n\t\t\t\t\t\t\t\t\t\t<span class=\"elementor-icon-list-text\">DestinationPontiac.ca<\/span>\n\t\t\t\t\t\t\t\t\t\t\t<\/a>\n\t\t\t\t\t\t\t\t\t<\/li>\n\t\t\t\t\t\t\t\t<li class=\"elementor-icon-list-item\">\n\t\t\t\t\t\t\t\t\t\t\t<a href=\"http:\/\/www.rapides-des-joachims.org\/\">\n\n\t\t\t\t\t\t\t\t\t\t\t\t<span class=\"elementor-icon-list-icon\">\n\t\t\t\t\t\t\t<svg aria-hidden=\"true\" class=\"e-font-icon-svg e-fas-map-marker-alt\" viewBox=\"0 0 384 512\" xmlns=\"http:\/\/www.w3.org\/2000\/svg\"><path d=\"M172.268 501.67C26.97 291.031 0 269.413 0 192 0 85.961 85.961 0 192 0s192 85.961 192 192c0 77.413-26.97 99.031-172.268 309.67-9.535 13.774-29.93 13.773-39.464 0zM192 272c44.183 0 80-35.817 80-80s-35.817-80-80-80-80 35.817-80 80 35.817 80 80 80z\"><\/path><\/svg>\t\t\t\t\t\t<\/span>\n\t\t\t\t\t\t\t\t\t\t<span class=\"elementor-icon-list-text\">Municipalit\u00e9 de Rapides-des-Joachims<\/span>\n\t\t\t\t\t\t\t\t\t\t\t<\/a>\n\t\t\t\t\t\t\t\t\t<\/li>\n\t\t\t\t\t\t<\/ul>\n\t\t\t\t\t\t<\/div>\n\t\t\t\t<\/div>\n\t\t\t\t\t<\/div>\n\t\t\t\t<\/div>\n\t\t<div class=\"elementor-element elementor-element-dcff29d e-flex e-con-boxed e-con e-child\" data-id=\"dcff29d\" data-element_type=\"container\" data-e-type=\"container\" data-settings=\"{&quot;background_background&quot;:&quot;classic&quot;}\">\n\t\t\t\t\t<div class=\"e-con-inner\">\n\t\t\t\t\t<\/div>\n\t\t\t\t<\/div>\n\t\t\t\t\t<\/div>\n\t\t\t\t<\/div>\n\t\t\t\t<\/div>\n\t\t\t\t\t<\/div>\n\t\t\t\t<\/div>\n\t\t\t\t<\/div>\n\t\t","protected":false},"excerpt":{"rendered":"<p>Rapides-des-Joachims, Qu\u00e9bec, souvent simplement appel\u00e9 \u00ab\u00a0Des\u00a0Joachims\u00a0\u00bb ou \u00ab\u00a0Swisha\u00a0\u00bb par les locaux, est une communaut\u00e9 unique et \u00e9loign\u00e9e situ\u00e9e le long de la rivi\u00e8re des\u00a0Outaouais, pr\u00e8s de la fronti\u00e8re avec l&rsquo;Ontario. Fond\u00e9 au 19e si\u00e8cle, ce petit village est historiquement li\u00e9 \u00e0 l&rsquo;industrie foresti\u00e8re, sa position pr\u00e8s des rapides puissants en faisant un site cl\u00e9 pour [&hellip;]<\/p>\n","protected":false},"author":1,"featured_media":0,"parent":0,"menu_order":0,"comment_status":"closed","ping_status":"closed","template":"","meta":{"_acf_changed":false,"footnotes":""},"class_list":["post-6291","page","type-page","status-publish","hentry"],"acf":[],"_links":{"self":[{"href":"https:\/\/pontiacarchives.org\/fr\/wp-json\/wp\/v2\/pages\/6291","targetHints":{"allow":["GET"]}}],"collection":[{"href":"https:\/\/pontiacarchives.org\/fr\/wp-json\/wp\/v2\/pages"}],"about":[{"href":"https:\/\/pontiacarchives.org\/fr\/wp-json\/wp\/v2\/types\/page"}],"author":[{"embeddable":true,"href":"https:\/\/pontiacarchives.org\/fr\/wp-json\/wp\/v2\/users\/1"}],"replies":[{"embeddable":true,"href":"https:\/\/pontiacarchives.org\/fr\/wp-json\/wp\/v2\/comments?post=6291"}],"version-history":[{"count":10,"href":"https:\/\/pontiacarchives.org\/fr\/wp-json\/wp\/v2\/pages\/6291\/revisions"}],"predecessor-version":[{"id":7681,"href":"https:\/\/pontiacarchives.org\/fr\/wp-json\/wp\/v2\/pages\/6291\/revisions\/7681"}],"wp:attachment":[{"href":"https:\/\/pontiacarchives.org\/fr\/wp-json\/wp\/v2\/media?parent=6291"}],"curies":[{"name":"wp","href":"https:\/\/api.w.org\/{rel}","templated":true}]}}