{"id":6302,"date":"2024-06-19T13:14:00","date_gmt":"2024-06-19T17:14:00","guid":{"rendered":"https:\/\/pontiacarchives.org.ottawavalleymedia.ca\/la-societe-historique-de-norway-bay\/"},"modified":"2025-09-22T17:48:36","modified_gmt":"2025-09-22T21:48:36","slug":"la-societe-historique-de-bristol","status":"publish","type":"page","link":"https:\/\/pontiacarchives.org\/fr\/la-societe-historique-de-bristol\/","title":{"rendered":"Soci\u00e9t\u00e9 historique de Bristol Qu\u00e9bec"},"content":{"rendered":"\t\t<div data-elementor-type=\"wp-page\" data-elementor-id=\"6302\" class=\"elementor elementor-6302 elementor-2431\" data-elementor-post-type=\"page\">\n\t\t\t\t<div class=\"elementor-element elementor-element-17f135d e-flex e-con-boxed e-con e-parent\" data-id=\"17f135d\" data-element_type=\"container\" data-e-type=\"container\">\n\t\t\t\t\t<div class=\"e-con-inner\">\n\t\t<div class=\"elementor-element elementor-element-82158a0 e-con-full e-flex e-con e-child\" data-id=\"82158a0\" data-element_type=\"container\" data-e-type=\"container\">\n\t\t\t\t<div class=\"elementor-element elementor-element-8c4da5a elementor-widget__width-initial elementor-widget elementor-widget-text-editor\" data-id=\"8c4da5a\" data-element_type=\"widget\" data-e-type=\"widget\" data-widget_type=\"text-editor.default\">\n\t\t\t\t<div class=\"elementor-widget-container\">\n\t\t\t\t\t\t\t\t\t<p>Le but de la Soci\u00e9t\u00e9 historique de Bristol, Qu\u00e9bec (SHBQ) est de promouvoir l\u2019appr\u00e9ciation de l\u2019histoire et du patrimoine de la municipalit\u00e9 de Bristol.<\/p><p>Le groupe offre un espace o\u00f9 des personnes partageant les m\u00eames int\u00e9r\u00eats peuvent participer \u00e0 des projets et des comit\u00e9s qui contribuent \u00e0 pr\u00e9server notre riche histoire. Nous nous r\u00e9unissons chaque semaine durant les mois d\u2019\u00e9t\u00e9, et notre adh\u00e9sion est ouverte \u00e0 toutes les personnes int\u00e9ress\u00e9es par l\u2019histoire de la r\u00e9gion.<\/p><p>Depuis 1995, nous avons conserv\u00e9 une collection de coupures de presse et de photos, anciennes et actuelles, des sites et \u00e9v\u00e9nements marquants de la r\u00e9gion. Nous encourageons \u00e9galement les r\u00e9sidents \u00e0 ouvrir un classeur pour documenter l\u2019histoire de leurs maisons, fermes et chalets. Notre collection est gracieusement h\u00e9berg\u00e9e au bureau de la municipalit\u00e9 de Bristol.<\/p>\t\t\t\t\t\t\t\t<\/div>\n\t\t\t\t<\/div>\n\t\t\t\t<\/div>\n\t\t<div class=\"elementor-element elementor-element-8ecd6f7 e-con-full e-flex e-con e-child\" data-id=\"8ecd6f7\" data-element_type=\"container\" data-e-type=\"container\">\n\t\t\t\t<div class=\"elementor-element elementor-element-e2f6b2f elementor-widget__width-initial elementor-widget elementor-widget-image\" data-id=\"e2f6b2f\" data-element_type=\"widget\" data-e-type=\"widget\" data-widget_type=\"image.default\">\n\t\t\t\t<div class=\"elementor-widget-container\">\n\t\t\t\t\t\t\t\t\t\t\t\t\t\t\t<img fetchpriority=\"high\" decoding=\"async\" width=\"2560\" height=\"1617\" src=\"https:\/\/pontiacarchives.org\/wp-content\/uploads\/2024\/05\/norway-bay-beach-1908-scaled.webp\" class=\"attachment-full size-full wp-image-5511\" alt=\"\" srcset=\"https:\/\/pontiacarchives.org\/wp-content\/uploads\/2024\/05\/norway-bay-beach-1908-scaled.webp 2560w, https:\/\/pontiacarchives.org\/wp-content\/uploads\/2024\/05\/norway-bay-beach-1908-300x190.webp 300w, https:\/\/pontiacarchives.org\/wp-content\/uploads\/2024\/05\/norway-bay-beach-1908-1024x647.webp 1024w, https:\/\/pontiacarchives.org\/wp-content\/uploads\/2024\/05\/norway-bay-beach-1908-768x485.webp 768w, https:\/\/pontiacarchives.org\/wp-content\/uploads\/2024\/05\/norway-bay-beach-1908-1536x970.webp 1536w, https:\/\/pontiacarchives.org\/wp-content\/uploads\/2024\/05\/norway-bay-beach-1908-2048x1294.webp 2048w\" sizes=\"(max-width: 2560px) 100vw, 2560px\" \/>\t\t\t\t\t\t\t\t\t\t\t\t\t\t\t<\/div>\n\t\t\t\t<\/div>\n\t\t\t\t<div class=\"elementor-element elementor-element-c6a9b69 elementor-widget__width-initial elementor-widget elementor-widget-text-editor\" data-id=\"c6a9b69\" data-element_type=\"widget\" data-e-type=\"widget\" data-widget_type=\"text-editor.default\">\n\t\t\t\t<div class=\"elementor-widget-container\">\n\t\t\t\t\t\t\t\t\t<p>Nous serions heureux de recevoir des nouvelles de toute personne qui souhaite en savoir davantage sur notre groupe, qui aimerait contribuer des photos ou qui a des questions auxquelles nous pourrions r\u00e9pondre. Vous pouvez nous joindre \u00e0 l\u2019adresse suivante : <strong data-start=\"331\" data-end=\"353\"><a class=\"decorated-link cursor-pointer\" href=\"mailto:bqhs1995@gmail.com\" rel=\"noopener\" data-start=\"333\" data-end=\"351\">bqhs1995@gmail.com<\/a><\/strong><\/p>\t\t\t\t\t\t\t\t<\/div>\n\t\t\t\t<\/div>\n\t\t\t\t<\/div>\n\t\t\t\t\t<\/div>\n\t\t\t\t<\/div>\n\t\t\t\t<\/div>\n\t\t","protected":false},"excerpt":{"rendered":"<p>Le but de la Soci\u00e9t\u00e9 historique de Bristol, Qu\u00e9bec (SHBQ) est de promouvoir l\u2019appr\u00e9ciation de l\u2019histoire et du patrimoine de la municipalit\u00e9 de Bristol. Le groupe offre un espace o\u00f9 des personnes partageant les m\u00eames int\u00e9r\u00eats peuvent participer \u00e0 des projets et des comit\u00e9s qui contribuent \u00e0 pr\u00e9server notre riche histoire. Nous nous r\u00e9unissons chaque [&hellip;]<\/p>\n","protected":false},"author":1,"featured_media":5622,"parent":0,"menu_order":0,"comment_status":"closed","ping_status":"closed","template":"","meta":{"_acf_changed":false,"footnotes":""},"class_list":["post-6302","page","type-page","status-publish","has-post-thumbnail","hentry"],"acf":[],"_links":{"self":[{"href":"https:\/\/pontiacarchives.org\/fr\/wp-json\/wp\/v2\/pages\/6302","targetHints":{"allow":["GET"]}}],"collection":[{"href":"https:\/\/pontiacarchives.org\/fr\/wp-json\/wp\/v2\/pages"}],"about":[{"href":"https:\/\/pontiacarchives.org\/fr\/wp-json\/wp\/v2\/types\/page"}],"author":[{"embeddable":true,"href":"https:\/\/pontiacarchives.org\/fr\/wp-json\/wp\/v2\/users\/1"}],"replies":[{"embeddable":true,"href":"https:\/\/pontiacarchives.org\/fr\/wp-json\/wp\/v2\/comments?post=6302"}],"version-history":[{"count":30,"href":"https:\/\/pontiacarchives.org\/fr\/wp-json\/wp\/v2\/pages\/6302\/revisions"}],"predecessor-version":[{"id":11431,"href":"https:\/\/pontiacarchives.org\/fr\/wp-json\/wp\/v2\/pages\/6302\/revisions\/11431"}],"wp:featuredmedia":[{"embeddable":true,"href":"https:\/\/pontiacarchives.org\/fr\/wp-json\/wp\/v2\/media\/5622"}],"wp:attachment":[{"href":"https:\/\/pontiacarchives.org\/fr\/wp-json\/wp\/v2\/media?parent=6302"}],"curies":[{"name":"wp","href":"https:\/\/api.w.org\/{rel}","templated":true}]}}