{"id":6307,"date":"2024-06-20T12:58:20","date_gmt":"2024-06-20T12:58:20","guid":{"rendered":"https:\/\/pontiacarchives.org.ottawavalleymedia.ca\/faire-un-don\/"},"modified":"2024-11-11T16:36:17","modified_gmt":"2024-11-11T16:36:17","slug":"faire-un-don","status":"publish","type":"page","link":"https:\/\/pontiacarchives.org\/fr\/faire-un-don\/","title":{"rendered":"Faire un don"},"content":{"rendered":"\t\t<div data-elementor-type=\"wp-page\" data-elementor-id=\"6307\" class=\"elementor elementor-6307 elementor-2555\" data-elementor-post-type=\"page\">\n\t\t\t\t<div class=\"elementor-element elementor-element-215f071 e-flex e-con-boxed e-con e-parent\" data-id=\"215f071\" data-element_type=\"container\" data-e-type=\"container\">\n\t\t\t\t\t<div class=\"e-con-inner\">\n\t\t\t\t<div class=\"elementor-element elementor-element-b59280f elementor-widget__width-initial elementor-widget elementor-widget-text-editor\" data-id=\"b59280f\" data-element_type=\"widget\" data-e-type=\"widget\" data-widget_type=\"text-editor.default\">\n\t\t\t\t<div class=\"elementor-widget-container\">\n\t\t\t\t\t\t\t\t\t<p>Vos contributions sont essentielles \u00e0 la pr\u00e9servation de l&rsquo;histoire et du patrimoine riche de notre r\u00e9gion. En tant qu&rsquo;organisation \u00e0 but non lucratif, enti\u00e8rement g\u00e9r\u00e9e par des b\u00e9n\u00e9voles d\u00e9vou\u00e9s, nous comptons sur votre soutien g\u00e9n\u00e9reux pour continuer notre travail important.<\/p>\t\t\t\t\t\t\t\t<\/div>\n\t\t\t\t<\/div>\n\t\t\t\t<div class=\"elementor-element elementor-element-3644e60 elementor-widget elementor-widget-image\" data-id=\"3644e60\" data-element_type=\"widget\" data-e-type=\"widget\" data-widget_type=\"image.default\">\n\t\t\t\t<div class=\"elementor-widget-container\">\n\t\t\t\t\t\t\t\t\t\t\t\t\t\t\t<img fetchpriority=\"high\" decoding=\"async\" width=\"800\" height=\"602\" src=\"https:\/\/pontiacarchives.org\/wp-content\/uploads\/2024\/11\/pontiac-archives-building-1024x771.jpg\" class=\"attachment-large size-large wp-image-8614\" alt=\"Pontiac Archives\" srcset=\"https:\/\/pontiacarchives.org\/wp-content\/uploads\/2024\/11\/pontiac-archives-building-1024x771.jpg 1024w, https:\/\/pontiacarchives.org\/wp-content\/uploads\/2024\/11\/pontiac-archives-building-300x226.jpg 300w, https:\/\/pontiacarchives.org\/wp-content\/uploads\/2024\/11\/pontiac-archives-building-768x578.jpg 768w, https:\/\/pontiacarchives.org\/wp-content\/uploads\/2024\/11\/pontiac-archives-building.jpg 1080w\" sizes=\"(max-width: 800px) 100vw, 800px\" \/>\t\t\t\t\t\t\t\t\t\t\t\t\t\t\t<\/div>\n\t\t\t\t<\/div>\n\t\t\t\t\t<\/div>\n\t\t\t\t<\/div>\n\t\t<div class=\"elementor-element elementor-element-8cd84af e-con-full e-flex e-con e-parent\" data-id=\"8cd84af\" data-element_type=\"container\" data-e-type=\"container\">\n\t\t<div class=\"elementor-element elementor-element-9922a58 e-con-full e-flex e-con e-child\" data-id=\"9922a58\" data-element_type=\"container\" data-e-type=\"container\" data-settings=\"{&quot;background_background&quot;:&quot;classic&quot;}\">\n\t\t\t\t<div class=\"elementor-element elementor-element-1898203 elementor-widget elementor-widget-heading\" data-id=\"1898203\" data-element_type=\"widget\" data-e-type=\"widget\" data-widget_type=\"heading.default\">\n\t\t\t\t<div class=\"elementor-widget-container\">\n\t\t\t\t\t<h3 class=\"elementor-heading-title elementor-size-default\">Ce que vous pouvez donner<\/h3>\t\t\t\t<\/div>\n\t\t\t\t<\/div>\n\t\t\t\t<\/div>\n\t\t<div class=\"elementor-element elementor-element-fe0e63d e-flex e-con-boxed e-con e-child\" data-id=\"fe0e63d\" data-element_type=\"container\" data-e-type=\"container\" data-settings=\"{&quot;background_background&quot;:&quot;classic&quot;}\">\n\t\t\t\t\t<div class=\"e-con-inner\">\n\t\t<div class=\"elementor-element elementor-element-05da974 e-con-full e-flex e-con e-child\" data-id=\"05da974\" data-element_type=\"container\" data-e-type=\"container\">\n\t\t\t\t<div class=\"elementor-element elementor-element-33e0fab elementor-widget elementor-widget-text-editor\" data-id=\"33e0fab\" data-element_type=\"widget\" data-e-type=\"widget\" data-widget_type=\"text-editor.default\">\n\t\t\t\t<div class=\"elementor-widget-container\">\n\t\t\t\t\t\t\t\t\t<p><strong>Documents et dossiers<\/strong><\/p><ul><li>Lettres personnelles, journaux intimes et journaux de bord<\/li><li>Documents officiels, actes et certificats<\/li><li>Manuscrits historiques et \u0153uvres non publi\u00e9es<\/li><\/ul>\t\t\t\t\t\t\t\t<\/div>\n\t\t\t\t<\/div>\n\t\t\t\t<\/div>\n\t\t<div class=\"elementor-element elementor-element-79e9038 e-con-full e-flex e-con e-child\" data-id=\"79e9038\" data-element_type=\"container\" data-e-type=\"container\">\n\t\t\t\t<div class=\"elementor-element elementor-element-9fc5532 elementor-widget elementor-widget-text-editor\" data-id=\"9fc5532\" data-element_type=\"widget\" data-e-type=\"widget\" data-widget_type=\"text-editor.default\">\n\t\t\t\t<div class=\"elementor-widget-container\">\n\t\t\t\t\t\t\t\t\t<p><strong>Images et m\u00e9dias<\/strong><\/p><ul><li>Photographies, cartes postales et diapositives<\/li><li>Enregistrements audio et vid\u00e9o<\/li><li>Cartes, bleus et plans d&rsquo;architecture<\/li><\/ul>\t\t\t\t\t\t\t\t<\/div>\n\t\t\t\t<\/div>\n\t\t\t\t<\/div>\n\t\t<div class=\"elementor-element elementor-element-100656d e-con-full e-flex e-con e-child\" data-id=\"100656d\" data-element_type=\"container\" data-e-type=\"container\">\n\t\t\t\t<div class=\"elementor-element elementor-element-96521d8 elementor-widget elementor-widget-text-editor\" data-id=\"96521d8\" data-element_type=\"widget\" data-e-type=\"widget\" data-widget_type=\"text-editor.default\">\n\t\t\t\t<div class=\"elementor-widget-container\">\n\t\t\t\t\t\t\t\t\t<p><strong>Art\u00e9facts et souvenirs<\/strong><\/p><ul><li>Art\u00e9facts et objets historiques<\/li><li>Informations g\u00e9n\u00e9alogiques et histoires familiales<\/li><li>Registres et publications d&rsquo;entreprises locales<\/li><\/ul>\t\t\t\t\t\t\t\t<\/div>\n\t\t\t\t<\/div>\n\t\t\t\t<\/div>\n\t\t<div class=\"elementor-element elementor-element-6de757b e-con-full e-flex e-con e-child\" data-id=\"6de757b\" data-element_type=\"container\" data-e-type=\"container\">\n\t\t\t\t<div class=\"elementor-element elementor-element-e25516c elementor-widget elementor-widget-text-editor\" data-id=\"e25516c\" data-element_type=\"widget\" data-e-type=\"widget\" data-widget_type=\"text-editor.default\">\n\t\t\t\t<div class=\"elementor-widget-container\">\n\t\t\t\t\t\t\t\t\t<p><strong>Dons en esp\u00e8ces<\/strong><\/p><p>Les contributions mon\u00e9taires sont tout aussi importantes pour nous. Votre soutien financier nous aide \u00e0 entretenir nos installations, \u00e0 acqu\u00e9rir du mat\u00e9riel de conservation et \u00e0 soutenir des projets d&rsquo;archivage.<\/p>\t\t\t\t\t\t\t\t<\/div>\n\t\t\t\t<\/div>\n\t\t\t\t<\/div>\n\t\t\t\t\t<\/div>\n\t\t\t\t<\/div>\n\t\t<div class=\"elementor-element elementor-element-d969dff e-flex e-con-boxed e-con e-child\" data-id=\"d969dff\" data-element_type=\"container\" data-e-type=\"container\" data-settings=\"{&quot;background_background&quot;:&quot;classic&quot;}\">\n\t\t\t\t\t<div class=\"e-con-inner\">\n\t\t\t\t\t<\/div>\n\t\t\t\t<\/div>\n\t\t\t\t<\/div>\n\t\t<div class=\"elementor-element elementor-element-75fe3c3 e-flex e-con-boxed e-con e-parent\" data-id=\"75fe3c3\" data-element_type=\"container\" data-e-type=\"container\">\n\t\t\t\t\t<div class=\"e-con-inner\">\n\t\t<div class=\"elementor-element elementor-element-959ff26 e-con-full e-flex e-con e-child\" data-id=\"959ff26\" data-element_type=\"container\" data-e-type=\"container\">\n\t\t\t\t<div class=\"elementor-element elementor-element-d153526 elementor-widget elementor-widget-heading\" data-id=\"d153526\" data-element_type=\"widget\" data-e-type=\"widget\" data-widget_type=\"heading.default\">\n\t\t\t\t<div class=\"elementor-widget-container\">\n\t\t\t\t\t<h2 class=\"elementor-heading-title elementor-size-default\">Faire un don en ligne<\/h2>\t\t\t\t<\/div>\n\t\t\t\t<\/div>\n\t\t\t\t<div class=\"elementor-element elementor-element-90638ba elementor-widget elementor-widget-text-editor\" data-id=\"90638ba\" data-element_type=\"widget\" data-e-type=\"widget\" data-widget_type=\"text-editor.default\">\n\t\t\t\t<div class=\"elementor-widget-container\">\n\t\t\t\t\t\t\t\t\t<p>Les Archives du Pontiac accepteront bient\u00f4t les dons en ligne via <strong><em><span style=\"color: #000000;\"><a style=\"color: #000000;\" href=\"https:\/\/www.canadahelps.org\/fr\/\">CanadaHelps.org<\/a><\/span><\/em><\/strong> !<\/p><p>CanadaHelps offre une plateforme simple et s\u00e9curis\u00e9e permettant aux Canadiens de faire des dons \u00e0 n&rsquo;importe quel organisme de bienfaisance enregistr\u00e9, garantissant un soutien maximal gr\u00e2ce \u00e0 des frais r\u00e9duits et \u00e0 des re\u00e7us d&rsquo;imp\u00f4t instantan\u00e9s, rendant le don facile pour les donateurs et la r\u00e9ception des fonds pratique pour les organismes de bienfaisance.<\/p><p>Des informations suppl\u00e9mentaires sur les fa\u00e7ons de faire un don en ligne seront bient\u00f4t disponibles.<\/p>\t\t\t\t\t\t\t\t<\/div>\n\t\t\t\t<\/div>\n\t\t\t\t<div class=\"elementor-element elementor-element-4776f00 elementor-widget__width-initial elementor-hidden-desktop elementor-hidden-tablet elementor-hidden-mobile elementor-widget elementor-widget-image\" data-id=\"4776f00\" data-element_type=\"widget\" data-e-type=\"widget\" data-widget_type=\"image.default\">\n\t\t\t\t<div class=\"elementor-widget-container\">\n\t\t\t\t\t\t\t\t\t\t\t\t\t\t\t\t<a href=\"http:\/\/canadahelps.org\/en\/charities\/the-pontiac-archivesles-archives-du-pontiac\/\" target=\"_blank\">\n\t\t\t\t\t\t\t<img decoding=\"async\" width=\"500\" height=\"177\" src=\"https:\/\/pontiacarchives.org\/wp-content\/uploads\/2024\/11\/canadahelps.webp\" class=\"attachment-large size-large wp-image-8619\" alt=\"\" srcset=\"https:\/\/pontiacarchives.org\/wp-content\/uploads\/2024\/11\/canadahelps.webp 500w, https:\/\/pontiacarchives.org\/wp-content\/uploads\/2024\/11\/canadahelps-300x106.webp 300w\" sizes=\"(max-width: 500px) 100vw, 500px\" \/>\t\t\t\t\t\t\t\t<\/a>\n\t\t\t\t\t\t\t\t\t\t\t\t\t\t\t<\/div>\n\t\t\t\t<\/div>\n\t\t\t\t<div class=\"elementor-element elementor-element-5bf1811 elementor-widget__width-initial elementor-widget elementor-widget-text-editor\" data-id=\"5bf1811\" data-element_type=\"widget\" data-e-type=\"widget\" data-widget_type=\"text-editor.default\">\n\t\t\t\t<div class=\"elementor-widget-container\">\n\t\t\t\t\t\t\t\t\t<h4>Pourquoi faire un don?<\/h4><p>Vos dons nous aident \u00e0 :<\/p><ul><li>Pr\u00e9server et prot\u00e9ger des documents historiques pr\u00e9cieux.<\/li><li>Rendre ces documents accessibles aux chercheurs, aux \u00e9tudiants et au grand public.<\/li><li>\u00c9duquer les g\u00e9n\u00e9rations futures sur notre patrimoine local.<\/li><\/ul><p>Merci de consid\u00e9rer un don aux Archives du Pontiac. Votre soutien assure la pr\u00e9servation de l\u2019histoire de notre r\u00e9gion pour les g\u00e9n\u00e9rations \u00e0 venir.<\/p>\t\t\t\t\t\t\t\t<\/div>\n\t\t\t\t<\/div>\n\t\t\t\t<\/div>\n\t\t\t\t<div class=\"elementor-element elementor-element-8388073 elementor-widget__width-initial elementor-hidden-desktop elementor-hidden-tablet elementor-hidden-mobile elementor-widget elementor-widget-html\" data-id=\"8388073\" data-element_type=\"widget\" data-e-type=\"widget\" data-widget_type=\"html.default\">\n\t\t\t\t<div class=\"elementor-widget-container\">\n\t\t\t\t\t<script id=\"ch_cdn_embed\" type=\"text\/javascript\" src=\"https:\/\/www.canadahelps.org\/secure\/js\/cdf_embed.2.js\" charSet=\"utf-8\" data-language=\"en\" data-page-id=\"101897\" data-root-url=\"https:\/\/www.canadahelps.org\" data-formtype=\"0\" data-cfasync=\"false\"><\/script>\t\t\t\t<\/div>\n\t\t\t\t<\/div>\n\t\t\t\t\t<\/div>\n\t\t\t\t<\/div>\n\t\t\t\t<\/div>\n\t\t","protected":false},"excerpt":{"rendered":"<p>Vos contributions sont essentielles \u00e0 la pr\u00e9servation de l&rsquo;histoire et du patrimoine riche de notre r\u00e9gion. En tant qu&rsquo;organisation \u00e0 but non lucratif, enti\u00e8rement g\u00e9r\u00e9e par des b\u00e9n\u00e9voles d\u00e9vou\u00e9s, nous comptons sur votre soutien g\u00e9n\u00e9reux pour continuer notre travail important. Ce que vous pouvez donner Documents et dossiers Lettres personnelles, journaux intimes et journaux de [&hellip;]<\/p>\n","protected":false},"author":1,"featured_media":5901,"parent":0,"menu_order":0,"comment_status":"closed","ping_status":"closed","template":"","meta":{"_acf_changed":false,"footnotes":""},"class_list":["post-6307","page","type-page","status-publish","has-post-thumbnail","hentry"],"acf":[],"_links":{"self":[{"href":"https:\/\/pontiacarchives.org\/fr\/wp-json\/wp\/v2\/pages\/6307","targetHints":{"allow":["GET"]}}],"collection":[{"href":"https:\/\/pontiacarchives.org\/fr\/wp-json\/wp\/v2\/pages"}],"about":[{"href":"https:\/\/pontiacarchives.org\/fr\/wp-json\/wp\/v2\/types\/page"}],"author":[{"embeddable":true,"href":"https:\/\/pontiacarchives.org\/fr\/wp-json\/wp\/v2\/users\/1"}],"replies":[{"embeddable":true,"href":"https:\/\/pontiacarchives.org\/fr\/wp-json\/wp\/v2\/comments?post=6307"}],"version-history":[{"count":19,"href":"https:\/\/pontiacarchives.org\/fr\/wp-json\/wp\/v2\/pages\/6307\/revisions"}],"predecessor-version":[{"id":9616,"href":"https:\/\/pontiacarchives.org\/fr\/wp-json\/wp\/v2\/pages\/6307\/revisions\/9616"}],"wp:featuredmedia":[{"embeddable":true,"href":"https:\/\/pontiacarchives.org\/fr\/wp-json\/wp\/v2\/media\/5901"}],"wp:attachment":[{"href":"https:\/\/pontiacarchives.org\/fr\/wp-json\/wp\/v2\/media?parent=6307"}],"curies":[{"name":"wp","href":"https:\/\/api.w.org\/{rel}","templated":true}]}}